{"id":8940,"date":"2024-10-28T12:25:49","date_gmt":"2024-10-28T09:25:49","guid":{"rendered":"https:\/\/andromedahotel.gr\/mengjesi-yne\/"},"modified":"2025-11-29T18:32:30","modified_gmt":"2025-11-29T15:32:30","slug":"mengjesi-yne","status":"publish","type":"page","link":"https:\/\/andromedahotel.gr\/sq\/mengjesi-yne\/","title":{"rendered":"M\u00ebngjesi yn\u00eb"},"content":{"rendered":"\t\t<div data-elementor-type=\"wp-page\" data-elementor-id=\"8940\" class=\"elementor elementor-8940 elementor-7128\" data-elementor-post-type=\"page\">\n\t\t\t\t\t\t<section class=\"elementor-section elementor-top-section elementor-element elementor-element-f3be93c elementor-section-stretched elementor-section-content-middle elementor-section-boxed elementor-section-height-default elementor-section-height-default\" data-id=\"f3be93c\" data-element_type=\"section\" data-settings=\"{&quot;stretch_section&quot;:&quot;section-stretched&quot;,&quot;background_background&quot;:&quot;classic&quot;}\">\n\t\t\t\t\t\t\t<div class=\"elementor-background-overlay\"><\/div>\n\t\t\t\t\t\t\t<div class=\"elementor-container elementor-column-gap-default\">\n\t\t\t\t\t<div class=\"elementor-column elementor-col-100 elementor-top-column elementor-element elementor-element-c50f8ac\" data-id=\"c50f8ac\" data-element_type=\"column\" data-settings=\"{&quot;background_background&quot;:&quot;classic&quot;}\">\n\t\t\t<div class=\"elementor-widget-wrap elementor-element-populated\">\n\t\t\t\t\t\t<div class=\"elementor-element elementor-element-2b2bce58 elementor-widget elementor-widget-heading\" data-id=\"2b2bce58\" data-element_type=\"widget\" data-widget_type=\"heading.default\">\n\t\t\t\t<div class=\"elementor-widget-container\">\n\t\t\t\t\t<h1 class=\"elementor-heading-title elementor-size-default\">M\u00ebngjesi<\/h1>\t\t\t\t<\/div>\n\t\t\t\t<\/div>\n\t\t\t\t\t<\/div>\n\t\t<\/div>\n\t\t\t\t\t<\/div>\n\t\t<\/section>\n\t\t\t\t<section class=\"elementor-section elementor-top-section elementor-element elementor-element-3ef657f8 elementor-section-content-middle elementor-section-full_width elementor-section-height-default elementor-section-height-default\" data-id=\"3ef657f8\" data-element_type=\"section\">\n\t\t\t\t\t\t<div class=\"elementor-container elementor-column-gap-default\">\n\t\t\t\t\t<div class=\"elementor-column elementor-col-50 elementor-top-column elementor-element elementor-element-6769bcc3\" data-id=\"6769bcc3\" data-element_type=\"column\">\n\t\t\t<div class=\"elementor-widget-wrap elementor-element-populated\">\n\t\t\t\t\t\t<div class=\"elementor-element elementor-element-f31ccc1 elementor-widget elementor-widget-heading\" data-id=\"f31ccc1\" data-element_type=\"widget\" data-widget_type=\"heading.default\">\n\t\t\t\t<div class=\"elementor-widget-container\">\n\t\t\t\t\t<h6 class=\"elementor-heading-title elementor-size-default\">N\u00eb Andromeda Boutique Hotel, dita fillon me nj\u00eb m\u00ebngjes t\u00eb shijsh\u00ebm dhe plot arom\u00eb!<\/h6>\t\t\t\t<\/div>\n\t\t\t\t<\/div>\n\t\t\t\t<div class=\"elementor-element elementor-element-57a26678 elementor-widget elementor-widget-heading\" data-id=\"57a26678\" data-element_type=\"widget\" data-widget_type=\"heading.default\">\n\t\t\t\t<div class=\"elementor-widget-container\">\n\t\t\t\t\t<h6 class=\"elementor-heading-title elementor-size-default\">\u00c7do dit\u00eb u ofrojm\u00eb mysafir\u00ebve tan\u00eb m\u00ebngjesin ton\u00eb t\u00eb p\u00ebrgatitur me dashuri dhe kujdes, duke p\u00ebrdorur produkte t\u00eb fresk\u00ebta dhe lokale nga Kastoria, si dhe receta sht\u00ebpiake.<br><br><\/h6>\t\t\t\t<\/div>\n\t\t\t\t<\/div>\n\t\t\t\t<div class=\"elementor-element elementor-element-5c7c0e6 elementor-widget elementor-widget-heading\" data-id=\"5c7c0e6\" data-element_type=\"widget\" data-widget_type=\"heading.default\">\n\t\t\t\t<div class=\"elementor-widget-container\">\n\t\t\t\t\t<h6 class=\"elementor-heading-title elementor-size-default\">Kek\u00eb dhe pancakes t\u00eb p\u00ebrgatitura me dor\u00eb, kroasan\u00eb me gjalp\u00eb dhe \u00e7okollat\u00eb, buk\u00eb t\u00eb pjekura me vez\u00eb, vez\u00eb t\u00eb skuqura, t\u00eb rrahura apo t\u00eb ziera, si dhe bacon dhe suxhuk, p\u00ebrgatiten her\u00ebt n\u00eb m\u00ebngjes.<\/h6>\t\t\t\t<\/div>\n\t\t\t\t<\/div>\n\t\t\t\t<div class=\"elementor-element elementor-element-21dff7d elementor-widget elementor-widget-heading\" data-id=\"21dff7d\" data-element_type=\"widget\" data-widget_type=\"heading.default\">\n\t\t\t\t<div class=\"elementor-widget-container\">\n\t\t\t\t\t<h6 class=\"elementor-heading-title elementor-size-default\">Bufeti plot\u00ebsohet me re\u00e7elra dhe \u00ebmb\u00eblsira t\u00eb b\u00ebra n\u00eb sht\u00ebpi, mjalt\u00eb nga prodhues vendas, tahini dhe gjalp\u00eb kikiriku, krem \u00e7okollate, komposto frutash dhe nj\u00eb shum\u00ebllojshm\u00ebri frutash t\u00eb thata dhe arrash. <\/h6>\t\t\t\t<\/div>\n\t\t\t\t<\/div>\n\t\t\t\t<div class=\"elementor-element elementor-element-c03a3b8 elementor-widget elementor-widget-heading\" data-id=\"c03a3b8\" data-element_type=\"widget\" data-widget_type=\"heading.default\">\n\t\t\t\t<div class=\"elementor-widget-container\">\n\t\t\t\t\t<h6 class=\"elementor-heading-title elementor-size-default\">Gjithashtu p\u00ebrfshin nj\u00eb p\u00ebrzgjedhje drith\u00ebrash, buk\u00eb, biskota t\u00eb kripura, thela t\u00eb thekura, kos grek t\u00eb kulluar dhe ullinj Kalamon.<\/h6>\t\t\t\t<\/div>\n\t\t\t\t<\/div>\n\t\t\t\t<div class=\"elementor-element elementor-element-157eeaf elementor-widget elementor-widget-heading\" data-id=\"157eeaf\" data-element_type=\"widget\" data-widget_type=\"heading.default\">\n\t\t\t\t<div class=\"elementor-widget-container\">\n\t\t\t\t\t<h6 class=\"elementor-heading-title elementor-size-default\">Bufeti i pasur i m\u00ebngjesit ton\u00eb, i shoq\u00ebruar me kafe, bim\u00eb aromatike dhe pije t\u00eb ngrohta, sh\u00ebrbehet \u00e7do dit\u00eb n\u00eb katin p\u00ebrdhes t\u00eb hotelit, nga ora 08:00 deri n\u00eb 10:00 t\u00eb m\u00ebngjesit.<\/h6>\t\t\t\t<\/div>\n\t\t\t\t<\/div>\n\t\t\t\t\t<\/div>\n\t\t<\/div>\n\t\t\t\t<div class=\"elementor-column elementor-col-50 elementor-top-column elementor-element elementor-element-5ecd0adf\" data-id=\"5ecd0adf\" data-element_type=\"column\">\n\t\t\t<div class=\"elementor-widget-wrap elementor-element-populated\">\n\t\t\t\t\t\t<div class=\"elementor-element elementor-element-3cdf341 elementor-widget elementor-widget-image\" data-id=\"3cdf341\" data-element_type=\"widget\" data-widget_type=\"image.default\">\n\t\t\t\t<div class=\"elementor-widget-container\">\n\t\t\t\t\t\t\t\t\t\t\t\t\t\t\t\t<a href=\"https:\/\/andromedahotel.gr\/wp-content\/uploads\/2024\/10\/Breakfast_UNADJUSTEDNONRAW_thumb_1f0f.jpg\" data-elementor-open-lightbox=\"yes\" data-elementor-lightbox-title=\"Breakfast_UNADJUSTEDNONRAW_thumb_1f0f\" data-e-action-hash=\"#elementor-action%3Aaction%3Dlightbox%26settings%3DeyJpZCI6ODgyNywidXJsIjoiaHR0cHM6XC9cL2FuZHJvbWVkYWhvdGVsLmdyXC93cC1jb250ZW50XC91cGxvYWRzXC8yMDI0XC8xMFwvQnJlYWtmYXN0X1VOQURKVVNURUROT05SQVdfdGh1bWJfMWYwZi5qcGcifQ%3D%3D\">\n\t\t\t\t\t\t\t<img fetchpriority=\"high\" decoding=\"async\" width=\"480\" height=\"720\" src=\"https:\/\/andromedahotel.gr\/wp-content\/uploads\/2024\/10\/Breakfast_UNADJUSTEDNONRAW_thumb_1f0f.jpg\" class=\"attachment-large size-large wp-image-8827\" alt=\"\" srcset=\"https:\/\/andromedahotel.gr\/wp-content\/uploads\/2024\/10\/Breakfast_UNADJUSTEDNONRAW_thumb_1f0f.jpg 480w, https:\/\/andromedahotel.gr\/wp-content\/uploads\/2024\/10\/Breakfast_UNADJUSTEDNONRAW_thumb_1f0f-200x300.jpg 200w\" sizes=\"(max-width: 480px) 100vw, 480px\" \/>\t\t\t\t\t\t\t\t<\/a>\n\t\t\t\t\t\t\t\t\t\t\t\t\t\t\t<\/div>\n\t\t\t\t<\/div>\n\t\t\t\t\t<\/div>\n\t\t<\/div>\n\t\t\t\t\t<\/div>\n\t\t<\/section>\n\t\t<div class=\"elementor-element elementor-element-1fb749b e-flex e-con-boxed e-con e-parent\" data-id=\"1fb749b\" data-element_type=\"container\">\n\t\t\t\t\t<div class=\"e-con-inner\">\n\t\t\t\t<div class=\"elementor-element elementor-element-8b82238 elementor-widget elementor-widget-gallery\" data-id=\"8b82238\" data-element_type=\"widget\" data-settings=\"{&quot;gallery_layout&quot;:&quot;masonry&quot;,&quot;columns&quot;:3,&quot;lazyload&quot;:&quot;yes&quot;,&quot;columns_tablet&quot;:2,&quot;columns_mobile&quot;:1,&quot;gap&quot;:{&quot;unit&quot;:&quot;px&quot;,&quot;size&quot;:10,&quot;sizes&quot;:[]},&quot;gap_tablet&quot;:{&quot;unit&quot;:&quot;px&quot;,&quot;size&quot;:10,&quot;sizes&quot;:[]},&quot;gap_mobile&quot;:{&quot;unit&quot;:&quot;px&quot;,&quot;size&quot;:10,&quot;sizes&quot;:[]},&quot;link_to&quot;:&quot;file&quot;,&quot;overlay_background&quot;:&quot;yes&quot;,&quot;content_hover_animation&quot;:&quot;fade-in&quot;}\" data-widget_type=\"gallery.default\">\n\t\t\t\t<div class=\"elementor-widget-container\">\n\t\t\t\t\t\t\t<div class=\"elementor-gallery__container\">\n\t\t\t\t\t\t\t<a class=\"e-gallery-item elementor-gallery-item elementor-animated-content\" href=\"https:\/\/andromedahotel.gr\/wp-content\/uploads\/2024\/10\/Breakfast_UNADJUSTEDNONRAW_thumb_1ee7.jpg\" data-elementor-open-lightbox=\"yes\" data-elementor-lightbox-slideshow=\"8b82238\" data-elementor-lightbox-title=\"Breakfast_UNADJUSTEDNONRAW_thumb_1ee7\" data-e-action-hash=\"#elementor-action%3Aaction%3Dlightbox%26settings%3DeyJpZCI6ODgyOCwidXJsIjoiaHR0cHM6XC9cL2FuZHJvbWVkYWhvdGVsLmdyXC93cC1jb250ZW50XC91cGxvYWRzXC8yMDI0XC8xMFwvQnJlYWtmYXN0X1VOQURKVVNURUROT05SQVdfdGh1bWJfMWVlNy5qcGciLCJzbGlkZXNob3ciOiI4YjgyMjM4In0%3D\">\n\t\t\t\t\t<div class=\"e-gallery-image elementor-gallery-item__image\" data-thumbnail=\"https:\/\/andromedahotel.gr\/wp-content\/uploads\/2024\/10\/Breakfast_UNADJUSTEDNONRAW_thumb_1ee7-200x300.jpg\" data-width=\"200\" data-height=\"300\" aria-label=\"\" role=\"img\" ><\/div>\n\t\t\t\t\t\t\t\t\t\t\t<div class=\"elementor-gallery-item__overlay\"><\/div>\n\t\t\t\t\t\t\t\t\t\t\t\t\t\t<\/a>\n\t\t\t\t\t\t\t<a class=\"e-gallery-item elementor-gallery-item elementor-animated-content\" href=\"https:\/\/andromedahotel.gr\/wp-content\/uploads\/2024\/10\/Breakfast_UNADJUSTEDNONRAW_thumb_1ee2.jpg\" data-elementor-open-lightbox=\"yes\" data-elementor-lightbox-slideshow=\"8b82238\" data-elementor-lightbox-title=\"Breakfast_UNADJUSTEDNONRAW_thumb_1ee2\" data-e-action-hash=\"#elementor-action%3Aaction%3Dlightbox%26settings%3DeyJpZCI6ODgyOSwidXJsIjoiaHR0cHM6XC9cL2FuZHJvbWVkYWhvdGVsLmdyXC93cC1jb250ZW50XC91cGxvYWRzXC8yMDI0XC8xMFwvQnJlYWtmYXN0X1VOQURKVVNURUROT05SQVdfdGh1bWJfMWVlMi5qcGciLCJzbGlkZXNob3ciOiI4YjgyMjM4In0%3D\">\n\t\t\t\t\t<div class=\"e-gallery-image elementor-gallery-item__image\" data-thumbnail=\"https:\/\/andromedahotel.gr\/wp-content\/uploads\/2024\/10\/Breakfast_UNADJUSTEDNONRAW_thumb_1ee2-200x300.jpg\" data-width=\"200\" data-height=\"300\" aria-label=\"\" role=\"img\" ><\/div>\n\t\t\t\t\t\t\t\t\t\t\t<div class=\"elementor-gallery-item__overlay\"><\/div>\n\t\t\t\t\t\t\t\t\t\t\t\t\t\t<\/a>\n\t\t\t\t\t\t\t<a class=\"e-gallery-item elementor-gallery-item elementor-animated-content\" href=\"https:\/\/andromedahotel.gr\/wp-content\/uploads\/2024\/10\/Breakfast_UNADJUSTEDNONRAW_thumb_1edc.jpg\" data-elementor-open-lightbox=\"yes\" data-elementor-lightbox-slideshow=\"8b82238\" data-elementor-lightbox-title=\"Breakfast_UNADJUSTEDNONRAW_thumb_1edc\" data-e-action-hash=\"#elementor-action%3Aaction%3Dlightbox%26settings%3DeyJpZCI6ODgzMCwidXJsIjoiaHR0cHM6XC9cL2FuZHJvbWVkYWhvdGVsLmdyXC93cC1jb250ZW50XC91cGxvYWRzXC8yMDI0XC8xMFwvQnJlYWtmYXN0X1VOQURKVVNURUROT05SQVdfdGh1bWJfMWVkYy5qcGciLCJzbGlkZXNob3ciOiI4YjgyMjM4In0%3D\">\n\t\t\t\t\t<div class=\"e-gallery-image elementor-gallery-item__image\" data-thumbnail=\"https:\/\/andromedahotel.gr\/wp-content\/uploads\/2024\/10\/Breakfast_UNADJUSTEDNONRAW_thumb_1edc-300x200.jpg\" data-width=\"300\" data-height=\"200\" aria-label=\"\" role=\"img\" ><\/div>\n\t\t\t\t\t\t\t\t\t\t\t<div class=\"elementor-gallery-item__overlay\"><\/div>\n\t\t\t\t\t\t\t\t\t\t\t\t\t\t<\/a>\n\t\t\t\t\t\t\t<a class=\"e-gallery-item elementor-gallery-item elementor-animated-content\" href=\"https:\/\/andromedahotel.gr\/wp-content\/uploads\/2024\/10\/Breakfast_UNADJUSTEDNONRAW_thumb_1edb.jpg\" data-elementor-open-lightbox=\"yes\" data-elementor-lightbox-slideshow=\"8b82238\" data-elementor-lightbox-title=\"Breakfast_UNADJUSTEDNONRAW_thumb_1edb\" data-e-action-hash=\"#elementor-action%3Aaction%3Dlightbox%26settings%3DeyJpZCI6ODgzMSwidXJsIjoiaHR0cHM6XC9cL2FuZHJvbWVkYWhvdGVsLmdyXC93cC1jb250ZW50XC91cGxvYWRzXC8yMDI0XC8xMFwvQnJlYWtmYXN0X1VOQURKVVNURUROT05SQVdfdGh1bWJfMWVkYi5qcGciLCJzbGlkZXNob3ciOiI4YjgyMjM4In0%3D\">\n\t\t\t\t\t<div class=\"e-gallery-image elementor-gallery-item__image\" data-thumbnail=\"https:\/\/andromedahotel.gr\/wp-content\/uploads\/2024\/10\/Breakfast_UNADJUSTEDNONRAW_thumb_1edb-300x200.jpg\" data-width=\"300\" data-height=\"200\" aria-label=\"\" role=\"img\" ><\/div>\n\t\t\t\t\t\t\t\t\t\t\t<div class=\"elementor-gallery-item__overlay\"><\/div>\n\t\t\t\t\t\t\t\t\t\t\t\t\t\t<\/a>\n\t\t\t\t\t\t\t<a class=\"e-gallery-item elementor-gallery-item elementor-animated-content\" href=\"https:\/\/andromedahotel.gr\/wp-content\/uploads\/2024\/10\/Breakfast_UNADJUSTEDNONRAW_thumb_1ed0.jpg\" data-elementor-open-lightbox=\"yes\" data-elementor-lightbox-slideshow=\"8b82238\" data-elementor-lightbox-title=\"Breakfast_UNADJUSTEDNONRAW_thumb_1ed0\" data-e-action-hash=\"#elementor-action%3Aaction%3Dlightbox%26settings%3DeyJpZCI6ODgzMiwidXJsIjoiaHR0cHM6XC9cL2FuZHJvbWVkYWhvdGVsLmdyXC93cC1jb250ZW50XC91cGxvYWRzXC8yMDI0XC8xMFwvQnJlYWtmYXN0X1VOQURKVVNURUROT05SQVdfdGh1bWJfMWVkMC5qcGciLCJzbGlkZXNob3ciOiI4YjgyMjM4In0%3D\">\n\t\t\t\t\t<div class=\"e-gallery-image elementor-gallery-item__image\" data-thumbnail=\"https:\/\/andromedahotel.gr\/wp-content\/uploads\/2024\/10\/Breakfast_UNADJUSTEDNONRAW_thumb_1ed0-300x200.jpg\" data-width=\"300\" data-height=\"200\" aria-label=\"\" role=\"img\" ><\/div>\n\t\t\t\t\t\t\t\t\t\t\t<div class=\"elementor-gallery-item__overlay\"><\/div>\n\t\t\t\t\t\t\t\t\t\t\t\t\t\t<\/a>\n\t\t\t\t\t\t\t<a class=\"e-gallery-item elementor-gallery-item elementor-animated-content\" href=\"https:\/\/andromedahotel.gr\/wp-content\/uploads\/2024\/10\/Breakfast_UNADJUSTEDNONRAW_thumb_1ecd.jpg\" data-elementor-open-lightbox=\"yes\" data-elementor-lightbox-slideshow=\"8b82238\" data-elementor-lightbox-title=\"Breakfast_UNADJUSTEDNONRAW_thumb_1ecd\" data-e-action-hash=\"#elementor-action%3Aaction%3Dlightbox%26settings%3DeyJpZCI6ODgzMywidXJsIjoiaHR0cHM6XC9cL2FuZHJvbWVkYWhvdGVsLmdyXC93cC1jb250ZW50XC91cGxvYWRzXC8yMDI0XC8xMFwvQnJlYWtmYXN0X1VOQURKVVNURUROT05SQVdfdGh1bWJfMWVjZC5qcGciLCJzbGlkZXNob3ciOiI4YjgyMjM4In0%3D\">\n\t\t\t\t\t<div class=\"e-gallery-image elementor-gallery-item__image\" data-thumbnail=\"https:\/\/andromedahotel.gr\/wp-content\/uploads\/2024\/10\/Breakfast_UNADJUSTEDNONRAW_thumb_1ecd-300x200.jpg\" data-width=\"300\" data-height=\"200\" aria-label=\"\" role=\"img\" ><\/div>\n\t\t\t\t\t\t\t\t\t\t\t<div class=\"elementor-gallery-item__overlay\"><\/div>\n\t\t\t\t\t\t\t\t\t\t\t\t\t\t<\/a>\n\t\t\t\t\t\t\t<a class=\"e-gallery-item elementor-gallery-item elementor-animated-content\" href=\"https:\/\/andromedahotel.gr\/wp-content\/uploads\/2024\/10\/Breakfast_UNADJUSTEDNONRAW_thumb_1f03.jpg\" data-elementor-open-lightbox=\"yes\" data-elementor-lightbox-slideshow=\"8b82238\" data-elementor-lightbox-title=\"Breakfast_UNADJUSTEDNONRAW_thumb_1f03\" data-e-action-hash=\"#elementor-action%3Aaction%3Dlightbox%26settings%3DeyJpZCI6ODgzNCwidXJsIjoiaHR0cHM6XC9cL2FuZHJvbWVkYWhvdGVsLmdyXC93cC1jb250ZW50XC91cGxvYWRzXC8yMDI0XC8xMFwvQnJlYWtmYXN0X1VOQURKVVNURUROT05SQVdfdGh1bWJfMWYwMy5qcGciLCJzbGlkZXNob3ciOiI4YjgyMjM4In0%3D\">\n\t\t\t\t\t<div class=\"e-gallery-image elementor-gallery-item__image\" data-thumbnail=\"https:\/\/andromedahotel.gr\/wp-content\/uploads\/2024\/10\/Breakfast_UNADJUSTEDNONRAW_thumb_1f03-200x300.jpg\" data-width=\"200\" data-height=\"300\" aria-label=\"\" role=\"img\" ><\/div>\n\t\t\t\t\t\t\t\t\t\t\t<div class=\"elementor-gallery-item__overlay\"><\/div>\n\t\t\t\t\t\t\t\t\t\t\t\t\t\t<\/a>\n\t\t\t\t\t\t\t<a class=\"e-gallery-item elementor-gallery-item elementor-animated-content\" href=\"https:\/\/andromedahotel.gr\/wp-content\/uploads\/2024\/10\/Breakfast_UNADJUSTEDNONRAW_thumb_1edd.jpg\" data-elementor-open-lightbox=\"yes\" data-elementor-lightbox-slideshow=\"8b82238\" data-elementor-lightbox-title=\"Breakfast_UNADJUSTEDNONRAW_thumb_1edd\" data-e-action-hash=\"#elementor-action%3Aaction%3Dlightbox%26settings%3DeyJpZCI6ODgyNiwidXJsIjoiaHR0cHM6XC9cL2FuZHJvbWVkYWhvdGVsLmdyXC93cC1jb250ZW50XC91cGxvYWRzXC8yMDI0XC8xMFwvQnJlYWtmYXN0X1VOQURKVVNURUROT05SQVdfdGh1bWJfMWVkZC5qcGciLCJzbGlkZXNob3ciOiI4YjgyMjM4In0%3D\">\n\t\t\t\t\t<div class=\"e-gallery-image elementor-gallery-item__image\" data-thumbnail=\"https:\/\/andromedahotel.gr\/wp-content\/uploads\/2024\/10\/Breakfast_UNADJUSTEDNONRAW_thumb_1edd-300x200.jpg\" data-width=\"300\" data-height=\"200\" aria-label=\"\" role=\"img\" ><\/div>\n\t\t\t\t\t\t\t\t\t\t\t<div class=\"elementor-gallery-item__overlay\"><\/div>\n\t\t\t\t\t\t\t\t\t\t\t\t\t\t<\/a>\n\t\t\t\t\t\t\t<a class=\"e-gallery-item elementor-gallery-item elementor-animated-content\" href=\"https:\/\/andromedahotel.gr\/wp-content\/uploads\/2024\/10\/Breakfast_UNADJUSTEDNONRAW_thumb_1f0f.jpg\" data-elementor-open-lightbox=\"yes\" data-elementor-lightbox-slideshow=\"8b82238\" data-elementor-lightbox-title=\"Breakfast_UNADJUSTEDNONRAW_thumb_1f0f\" data-e-action-hash=\"#elementor-action%3Aaction%3Dlightbox%26settings%3DeyJpZCI6ODgyNywidXJsIjoiaHR0cHM6XC9cL2FuZHJvbWVkYWhvdGVsLmdyXC93cC1jb250ZW50XC91cGxvYWRzXC8yMDI0XC8xMFwvQnJlYWtmYXN0X1VOQURKVVNURUROT05SQVdfdGh1bWJfMWYwZi5qcGciLCJzbGlkZXNob3ciOiI4YjgyMjM4In0%3D\">\n\t\t\t\t\t<div class=\"e-gallery-image elementor-gallery-item__image\" data-thumbnail=\"https:\/\/andromedahotel.gr\/wp-content\/uploads\/2024\/10\/Breakfast_UNADJUSTEDNONRAW_thumb_1f0f-200x300.jpg\" data-width=\"200\" data-height=\"300\" aria-label=\"\" role=\"img\" ><\/div>\n\t\t\t\t\t\t\t\t\t\t\t<div class=\"elementor-gallery-item__overlay\"><\/div>\n\t\t\t\t\t\t\t\t\t\t\t\t\t\t<\/a>\n\t\t\t\t\t<\/div>\n\t\t\t\t\t<\/div>\n\t\t\t\t<\/div>\n\t\t\t\t\t<\/div>\n\t\t\t\t<\/div>\n\t\t\t\t<\/div>\n\t\t","protected":false},"excerpt":{"rendered":"<p>M\u00ebngjesi N\u00eb Andromeda Boutique Hotel, dita fillon me nj\u00eb m\u00ebngjes t\u00eb shijsh\u00ebm dhe plot arom\u00eb! \u00c7do dit\u00eb u ofrojm\u00eb mysafir\u00ebve tan\u00eb m\u00ebngjesin ton\u00eb t\u00eb p\u00ebrgatitur me dashuri dhe kujdes, duke p\u00ebrdorur produkte t\u00eb fresk\u00ebta dhe lokale nga Kastoria, si dhe receta sht\u00ebpiake. Kek\u00eb dhe pancakes t\u00eb p\u00ebrgatitura me dor\u00eb, kroasan\u00eb me gjalp\u00eb dhe \u00e7okollat\u00eb, buk\u00eb [&hellip;]<\/p>\n","protected":false},"author":1,"featured_media":0,"parent":0,"menu_order":0,"comment_status":"closed","ping_status":"closed","template":"","meta":{"inline_featured_image":false,"footnotes":""},"class_list":["post-8940","page","type-page","status-publish","hentry"],"_links":{"self":[{"href":"https:\/\/andromedahotel.gr\/sq\/wp-json\/wp\/v2\/pages\/8940","targetHints":{"allow":["GET"]}}],"collection":[{"href":"https:\/\/andromedahotel.gr\/sq\/wp-json\/wp\/v2\/pages"}],"about":[{"href":"https:\/\/andromedahotel.gr\/sq\/wp-json\/wp\/v2\/types\/page"}],"author":[{"embeddable":true,"href":"https:\/\/andromedahotel.gr\/sq\/wp-json\/wp\/v2\/users\/1"}],"replies":[{"embeddable":true,"href":"https:\/\/andromedahotel.gr\/sq\/wp-json\/wp\/v2\/comments?post=8940"}],"version-history":[{"count":1,"href":"https:\/\/andromedahotel.gr\/sq\/wp-json\/wp\/v2\/pages\/8940\/revisions"}],"predecessor-version":[{"id":8942,"href":"https:\/\/andromedahotel.gr\/sq\/wp-json\/wp\/v2\/pages\/8940\/revisions\/8942"}],"wp:attachment":[{"href":"https:\/\/andromedahotel.gr\/sq\/wp-json\/wp\/v2\/media?parent=8940"}],"curies":[{"name":"wp","href":"https:\/\/api.w.org\/{rel}","templated":true}]}}