{"id":8924,"date":"2024-10-28T12:55:37","date_gmt":"2024-10-28T09:55:37","guid":{"rendered":"https:\/\/andromedahotel.gr\/ndertesa-jone\/"},"modified":"2025-11-29T18:28:09","modified_gmt":"2025-11-29T15:28:09","slug":"ndertesa-jone","status":"publish","type":"page","link":"https:\/\/andromedahotel.gr\/sq\/ndertesa-jone\/","title":{"rendered":"Nd\u00ebrtesa jon\u00eb"},"content":{"rendered":"\t\t<div data-elementor-type=\"wp-page\" data-elementor-id=\"8924\" class=\"elementor elementor-8924 elementor-7164\" data-elementor-post-type=\"page\">\n\t\t\t\t\t\t<section class=\"elementor-section elementor-top-section elementor-element elementor-element-f3be93c elementor-section-stretched elementor-section-content-middle elementor-section-boxed elementor-section-height-default elementor-section-height-default\" data-id=\"f3be93c\" data-element_type=\"section\" data-settings=\"{&quot;stretch_section&quot;:&quot;section-stretched&quot;,&quot;background_background&quot;:&quot;classic&quot;}\">\n\t\t\t\t\t\t\t<div class=\"elementor-background-overlay\"><\/div>\n\t\t\t\t\t\t\t<div class=\"elementor-container elementor-column-gap-default\">\n\t\t\t\t\t<div class=\"elementor-column elementor-col-100 elementor-top-column elementor-element elementor-element-c50f8ac\" data-id=\"c50f8ac\" data-element_type=\"column\" data-settings=\"{&quot;background_background&quot;:&quot;classic&quot;}\">\n\t\t\t<div class=\"elementor-widget-wrap elementor-element-populated\">\n\t\t\t\t\t\t<div class=\"elementor-element elementor-element-2b2bce58 elementor-widget elementor-widget-heading\" data-id=\"2b2bce58\" data-element_type=\"widget\" data-widget_type=\"heading.default\">\n\t\t\t\t<div class=\"elementor-widget-container\">\n\t\t\t\t\t<h1 class=\"elementor-heading-title elementor-size-default\">Nd\u00ebrtesa jon\u00eb<\/h1>\t\t\t\t<\/div>\n\t\t\t\t<\/div>\n\t\t\t\t\t<\/div>\n\t\t<\/div>\n\t\t\t\t\t<\/div>\n\t\t<\/section>\n\t\t\t\t<section class=\"elementor-section elementor-top-section elementor-element elementor-element-3ef657f8 elementor-section-content-middle elementor-section-full_width elementor-section-height-default elementor-section-height-default\" data-id=\"3ef657f8\" data-element_type=\"section\">\n\t\t\t\t\t\t<div class=\"elementor-container elementor-column-gap-default\">\n\t\t\t\t\t<div class=\"elementor-column elementor-col-50 elementor-top-column elementor-element elementor-element-6769bcc3\" data-id=\"6769bcc3\" data-element_type=\"column\">\n\t\t\t<div class=\"elementor-widget-wrap elementor-element-populated\">\n\t\t\t\t\t\t<div class=\"elementor-element elementor-element-f31ccc1 elementor-widget elementor-widget-heading\" data-id=\"f31ccc1\" data-element_type=\"widget\" data-widget_type=\"heading.default\">\n\t\t\t\t<div class=\"elementor-widget-container\">\n\t\t\t\t\t<h6 class=\"elementor-heading-title elementor-size-default\">Nd\u00ebrtesa e tipit eklektik, e shpallur monument kulture, ndodhet n\u00eb kryq\u00ebzimin e rrug\u00ebve Mitropoleos 33 dhe Douka Sahini, p\u00ebrball\u00eb xhamis\u00eb Kursum. Historia e saj fillon nj\u00eb shekull m\u00eb par\u00eb, pasi u nd\u00ebrtua n\u00eb vitin 1932 nga patriarku i familjes Papandina, Nikolaos Papandina.<\/h6>\t\t\t\t<\/div>\n\t\t\t\t<\/div>\n\t\t\t\t<div class=\"elementor-element elementor-element-57a26678 elementor-widget elementor-widget-heading\" data-id=\"57a26678\" data-element_type=\"widget\" data-widget_type=\"heading.default\">\n\t\t\t\t<div class=\"elementor-widget-container\">\n\t\t\t\t\t<h6 class=\"elementor-heading-title elementor-size-default\">N\u00eb vitin 1989, nd\u00ebrtesa u shpall e mbrojtur nga Ministria e Kultur\u00ebs dhe i p\u00ebrket stilit t\u00eb eklekticizmit, me nj\u00eb ballkon qendror t\u00eb mb\u00ebshtetur n\u00eb kolona dhe korniza drejtk\u00ebndore dritaresh me detaje dekorative.<\/h6>\t\t\t\t<\/div>\n\t\t\t\t<\/div>\n\t\t\t\t<div class=\"elementor-element elementor-element-5c7c0e6 elementor-widget elementor-widget-heading\" data-id=\"5c7c0e6\" data-element_type=\"widget\" data-widget_type=\"heading.default\">\n\t\t\t\t<div class=\"elementor-widget-container\">\n\t\t\t\t\t<h6 class=\"elementor-heading-title elementor-size-default\">N\u00eb t\u00eb kaluar\u00ebn, godina ka strehuar biznese t\u00eb ndryshme dhe ka kaluar nj\u00eb periudh\u00eb t\u00eb gjat\u00eb braktisjeje, duke p\u00ebsuar d\u00ebmtime t\u00eb konsiderueshme si n\u00eb pjes\u00ebn e jashtme, ashtu edhe n\u00eb t\u00eb brendshme.<\/h6>\t\t\t\t<\/div>\n\t\t\t\t<\/div>\n\t\t\t\t<div class=\"elementor-element elementor-element-21dff7d elementor-widget elementor-widget-heading\" data-id=\"21dff7d\" data-element_type=\"widget\" data-widget_type=\"heading.default\">\n\t\t\t\t<div class=\"elementor-widget-container\">\n\t\t\t\t\t<h6 class=\"elementor-heading-title elementor-size-default\">N\u00eb vitin 2005, ajo kaloi n\u00eb pron\u00ebsi t\u00eb zotit Omiros Koliopoulos, i cili nisi nj\u00eb plan investimi p\u00ebr transformimin e nd\u00ebrtes\u00ebs ekzistuese n\u00eb nj\u00eb hotel boutique modern dhe elegant n\u00eb zem\u00ebr t\u00eb qytetit t\u00eb Kastorias, me q\u00ebllim kryesor ruajtjen dhe theksimin e arkitektur\u00ebs s\u00eb saj origjinale.<\/h6>\t\t\t\t<\/div>\n\t\t\t\t<\/div>\n\t\t\t\t\t<\/div>\n\t\t<\/div>\n\t\t\t\t<div class=\"elementor-column elementor-col-50 elementor-top-column elementor-element elementor-element-5ecd0adf\" data-id=\"5ecd0adf\" data-element_type=\"column\">\n\t\t\t<div class=\"elementor-widget-wrap elementor-element-populated\">\n\t\t\t\t\t\t<div class=\"elementor-element elementor-element-3cdf341 elementor-widget elementor-widget-image\" data-id=\"3cdf341\" data-element_type=\"widget\" data-widget_type=\"image.default\">\n\t\t\t\t<div class=\"elementor-widget-container\">\n\t\t\t\t\t\t\t\t\t\t\t\t\t\t\t\t<a href=\"https:\/\/andromedahotel.gr\/wp-content\/uploads\/2024\/10\/Andromeda_Boutique_Hotel_1.jpg\" data-elementor-open-lightbox=\"yes\" data-elementor-lightbox-title=\"Andromeda_Boutique_Hotel_1\" data-e-action-hash=\"#elementor-action%3Aaction%3Dlightbox%26settings%3DeyJpZCI6ODgzNiwidXJsIjoiaHR0cHM6XC9cL2FuZHJvbWVkYWhvdGVsLmdyXC93cC1jb250ZW50XC91cGxvYWRzXC8yMDI0XC8xMFwvQW5kcm9tZWRhX0JvdXRpcXVlX0hvdGVsXzEuanBnIn0%3D\">\n\t\t\t\t\t\t\t<img fetchpriority=\"high\" decoding=\"async\" width=\"480\" height=\"720\" src=\"https:\/\/andromedahotel.gr\/wp-content\/uploads\/2024\/10\/Andromeda_Boutique_Hotel_1.jpg\" class=\"attachment-large size-large wp-image-8836\" alt=\"\" srcset=\"https:\/\/andromedahotel.gr\/wp-content\/uploads\/2024\/10\/Andromeda_Boutique_Hotel_1.jpg 480w, https:\/\/andromedahotel.gr\/wp-content\/uploads\/2024\/10\/Andromeda_Boutique_Hotel_1-200x300.jpg 200w\" sizes=\"(max-width: 480px) 100vw, 480px\" \/>\t\t\t\t\t\t\t\t<\/a>\n\t\t\t\t\t\t\t\t\t\t\t\t\t\t\t<\/div>\n\t\t\t\t<\/div>\n\t\t\t\t\t<\/div>\n\t\t<\/div>\n\t\t\t\t\t<\/div>\n\t\t<\/section>\n\t\t\t\t<section class=\"elementor-section elementor-top-section elementor-element elementor-element-958a0ed elementor-section-content-middle elementor-section-full_width elementor-section-height-default elementor-section-height-default\" data-id=\"958a0ed\" data-element_type=\"section\">\n\t\t\t\t\t\t<div class=\"elementor-container elementor-column-gap-default\">\n\t\t\t\t\t<div class=\"elementor-column elementor-col-50 elementor-top-column elementor-element elementor-element-82f45ab\" data-id=\"82f45ab\" data-element_type=\"column\">\n\t\t\t<div class=\"elementor-widget-wrap elementor-element-populated\">\n\t\t\t\t\t\t<div class=\"elementor-element elementor-element-8d44029 elementor-widget elementor-widget-image\" data-id=\"8d44029\" data-element_type=\"widget\" data-widget_type=\"image.default\">\n\t\t\t\t<div class=\"elementor-widget-container\">\n\t\t\t\t\t\t\t\t\t\t\t\t\t\t\t\t<a href=\"https:\/\/andromedahotel.gr\/wp-content\/uploads\/2024\/10\/Andromeda_Boutique_edited.jpg\" data-elementor-open-lightbox=\"yes\" data-elementor-lightbox-title=\"Andromeda_Boutique_edited\" data-e-action-hash=\"#elementor-action%3Aaction%3Dlightbox%26settings%3DeyJpZCI6ODgzNywidXJsIjoiaHR0cHM6XC9cL2FuZHJvbWVkYWhvdGVsLmdyXC93cC1jb250ZW50XC91cGxvYWRzXC8yMDI0XC8xMFwvQW5kcm9tZWRhX0JvdXRpcXVlX2VkaXRlZC5qcGcifQ%3D%3D\">\n\t\t\t\t\t\t\t<img decoding=\"async\" width=\"437\" height=\"720\" src=\"https:\/\/andromedahotel.gr\/wp-content\/uploads\/2024\/10\/Andromeda_Boutique_edited.jpg\" class=\"attachment-large size-large wp-image-8837\" alt=\"\" srcset=\"https:\/\/andromedahotel.gr\/wp-content\/uploads\/2024\/10\/Andromeda_Boutique_edited.jpg 437w, https:\/\/andromedahotel.gr\/wp-content\/uploads\/2024\/10\/Andromeda_Boutique_edited-182x300.jpg 182w\" sizes=\"(max-width: 437px) 100vw, 437px\" \/>\t\t\t\t\t\t\t\t<\/a>\n\t\t\t\t\t\t\t\t\t\t\t\t\t\t\t<\/div>\n\t\t\t\t<\/div>\n\t\t\t\t\t<\/div>\n\t\t<\/div>\n\t\t\t\t<div class=\"elementor-column elementor-col-50 elementor-top-column elementor-element elementor-element-1f437da\" data-id=\"1f437da\" data-element_type=\"column\">\n\t\t\t<div class=\"elementor-widget-wrap elementor-element-populated\">\n\t\t\t\t\t\t<div class=\"elementor-element elementor-element-2ddabb4 elementor-widget elementor-widget-heading\" data-id=\"2ddabb4\" data-element_type=\"widget\" data-widget_type=\"heading.default\">\n\t\t\t\t<div class=\"elementor-widget-container\">\n\t\t\t\t\t<h6 class=\"elementor-heading-title elementor-size-default\">U rinovua plot\u00ebsisht duke respektuar historin\u00eb e saj dhe tiparet e saj t\u00eb ve\u00e7anta dekorative dhe arkitekturore.  \nBrenda saj p\u00ebrb\u00ebhet nga 10 dhoma dhe nj\u00eb sall\u00eb m\u00ebngjesi.  \nDimitris Tsitsos ishte arkitekti q\u00eb fshihej pas restaurimit dhe rinovimit t\u00eb nd\u00ebrtes\u00ebs, i cili u p\u00ebrfundua n\u00eb vitin 2006.<\/h6>\t\t\t\t<\/div>\n\t\t\t\t<\/div>\n\t\t\t\t<div class=\"elementor-element elementor-element-55cccec elementor-widget elementor-widget-heading\" data-id=\"55cccec\" data-element_type=\"widget\" data-widget_type=\"heading.default\">\n\t\t\t\t<div class=\"elementor-widget-container\">\n\t\t\t\t\t<h6 class=\"elementor-heading-title elementor-size-default\">Dimitris Tsitsos (Mimis) lindi dhe u rrit n\u00eb Ksanthi. N\u00eb vitin 1968 ai u zhvendos dhe q\u00ebndroi n\u00eb Austri, studioi n\u00eb Shkoll\u00ebn e Arkitektur\u00ebs n\u00eb Vjen\u00eb dhe p\u00ebrfundoi studimet n\u00eb Innsbruck. \nAi punoi p\u00ebrkrah arkitekt\u00ebve t\u00eb m\u00ebdhenj si Prakneski dhe Hollein, ku fitoi p\u00ebrvoja t\u00eb r\u00ebnd\u00ebsishme.  \nN\u00eb vitin 1981 u kthye n\u00eb Greqi dhe u vendos n\u00eb Selanik.\nAi punoi pa nd\u00ebrprerje n\u00eb t\u00eb gjith\u00eb Greqin\u00eb.\nShum\u00eb nga veprat e tij u botuan n\u00eb shum\u00eb revista arkitekturore n\u00eb Greqi dhe jasht\u00eb saj.<\/h6>\t\t\t\t<\/div>\n\t\t\t\t<\/div>\n\t\t\t\t<div class=\"elementor-element elementor-element-9dcbabc elementor-widget elementor-widget-heading\" data-id=\"9dcbabc\" data-element_type=\"widget\" data-widget_type=\"heading.default\">\n\t\t\t\t<div class=\"elementor-widget-container\">\n\t\t\t\t\t<h6 class=\"elementor-heading-title elementor-size-default\">Gjithmon\u00eb ka pasur nj\u00eb dob\u00ebsi n\u00eb restaurimin dhe rip\u00ebrdorimin e nd\u00ebrtesave t\u00eb vjetra t\u00eb listuara.\nAi ishte nj\u00eb nga figurat m\u00eb t\u00eb g\u00ebzuara dhe t\u00eb k\u00ebrkuara n\u00eb qytetin e Selanikut p\u00ebr dekada t\u00eb t\u00ebra dhe nd\u00ebrtoi nj\u00eb legjend\u00eb rreth emrit t\u00eb tij q\u00eb do t\u00eb jet\u00eb e v\u00ebshtir\u00eb t\u00eb harrohet.  \nAi nd\u00ebrroi jet\u00eb m\u00eb 3 maj 2018, n\u00eb nj\u00eb spital n\u00eb Selanik gjat\u00eb nj\u00eb nd\u00ebrhyrjeje kirurgjikale n\u00eb mosh\u00ebn 70 vje\u00e7.<\/h6>\t\t\t\t<\/div>\n\t\t\t\t<\/div>\n\t\t\t\t\t<\/div>\n\t\t<\/div>\n\t\t\t\t\t<\/div>\n\t\t<\/section>\n\t\t<div class=\"elementor-element elementor-element-1fb749b e-flex e-con-boxed e-con e-parent\" data-id=\"1fb749b\" data-element_type=\"container\">\n\t\t\t\t\t<div class=\"e-con-inner\">\n\t\t\t\t<div class=\"elementor-element elementor-element-8b82238 elementor-widget elementor-widget-gallery\" data-id=\"8b82238\" data-element_type=\"widget\" data-settings=\"{&quot;gallery_layout&quot;:&quot;masonry&quot;,&quot;lazyload&quot;:&quot;yes&quot;,&quot;columns&quot;:4,&quot;columns_tablet&quot;:2,&quot;columns_mobile&quot;:1,&quot;gap&quot;:{&quot;unit&quot;:&quot;px&quot;,&quot;size&quot;:10,&quot;sizes&quot;:[]},&quot;gap_tablet&quot;:{&quot;unit&quot;:&quot;px&quot;,&quot;size&quot;:10,&quot;sizes&quot;:[]},&quot;gap_mobile&quot;:{&quot;unit&quot;:&quot;px&quot;,&quot;size&quot;:10,&quot;sizes&quot;:[]},&quot;link_to&quot;:&quot;file&quot;,&quot;overlay_background&quot;:&quot;yes&quot;,&quot;content_hover_animation&quot;:&quot;fade-in&quot;}\" data-widget_type=\"gallery.default\">\n\t\t\t\t<div class=\"elementor-widget-container\">\n\t\t\t\t\t\t\t<div class=\"elementor-gallery__container\">\n\t\t\t\t\t\t\t<a class=\"e-gallery-item elementor-gallery-item elementor-animated-content\" href=\"https:\/\/andromedahotel.gr\/wp-content\/uploads\/2024\/10\/Andromeda_Boutique_Hotel_8-1.jpg\" data-elementor-open-lightbox=\"yes\" data-elementor-lightbox-slideshow=\"8b82238\" data-elementor-lightbox-title=\"default\" data-e-action-hash=\"#elementor-action%3Aaction%3Dlightbox%26settings%3DeyJpZCI6ODgzOCwidXJsIjoiaHR0cHM6XC9cL2FuZHJvbWVkYWhvdGVsLmdyXC93cC1jb250ZW50XC91cGxvYWRzXC8yMDI0XC8xMFwvQW5kcm9tZWRhX0JvdXRpcXVlX0hvdGVsXzgtMS5qcGciLCJzbGlkZXNob3ciOiI4YjgyMjM4In0%3D\">\n\t\t\t\t\t<div class=\"e-gallery-image elementor-gallery-item__image\" data-thumbnail=\"https:\/\/andromedahotel.gr\/wp-content\/uploads\/2024\/10\/Andromeda_Boutique_Hotel_8-1-167x300.jpg\" data-width=\"167\" data-height=\"300\" aria-label=\"\" role=\"img\" ><\/div>\n\t\t\t\t\t\t\t\t\t\t\t<div class=\"elementor-gallery-item__overlay\"><\/div>\n\t\t\t\t\t\t\t\t\t\t\t\t\t\t<\/a>\n\t\t\t\t\t\t\t<a class=\"e-gallery-item elementor-gallery-item elementor-animated-content\" href=\"https:\/\/andromedahotel.gr\/wp-content\/uploads\/2024\/10\/Andromeda_Boutique_Hotel_14.jpg\" data-elementor-open-lightbox=\"yes\" data-elementor-lightbox-slideshow=\"8b82238\" data-elementor-lightbox-title=\"Andromeda_Boutique_Hotel_14\" data-e-action-hash=\"#elementor-action%3Aaction%3Dlightbox%26settings%3DeyJpZCI6ODgzOSwidXJsIjoiaHR0cHM6XC9cL2FuZHJvbWVkYWhvdGVsLmdyXC93cC1jb250ZW50XC91cGxvYWRzXC8yMDI0XC8xMFwvQW5kcm9tZWRhX0JvdXRpcXVlX0hvdGVsXzE0LmpwZyIsInNsaWRlc2hvdyI6IjhiODIyMzgifQ%3D%3D\">\n\t\t\t\t\t<div class=\"e-gallery-image elementor-gallery-item__image\" data-thumbnail=\"https:\/\/andromedahotel.gr\/wp-content\/uploads\/2024\/10\/Andromeda_Boutique_Hotel_14-292x300.jpg\" data-width=\"292\" data-height=\"300\" aria-label=\"\" role=\"img\" ><\/div>\n\t\t\t\t\t\t\t\t\t\t\t<div class=\"elementor-gallery-item__overlay\"><\/div>\n\t\t\t\t\t\t\t\t\t\t\t\t\t\t<\/a>\n\t\t\t\t\t\t\t<a class=\"e-gallery-item elementor-gallery-item elementor-animated-content\" href=\"https:\/\/andromedahotel.gr\/wp-content\/uploads\/2024\/10\/Andromeda_Boutique_Hotel_Reception3.jpg\" data-elementor-open-lightbox=\"yes\" data-elementor-lightbox-slideshow=\"8b82238\" data-elementor-lightbox-title=\"Andromeda_Boutique_Hotel_Reception3\" data-e-action-hash=\"#elementor-action%3Aaction%3Dlightbox%26settings%3DeyJpZCI6ODg0MCwidXJsIjoiaHR0cHM6XC9cL2FuZHJvbWVkYWhvdGVsLmdyXC93cC1jb250ZW50XC91cGxvYWRzXC8yMDI0XC8xMFwvQW5kcm9tZWRhX0JvdXRpcXVlX0hvdGVsX1JlY2VwdGlvbjMuanBnIiwic2xpZGVzaG93IjoiOGI4MjIzOCJ9\">\n\t\t\t\t\t<div class=\"e-gallery-image elementor-gallery-item__image\" data-thumbnail=\"https:\/\/andromedahotel.gr\/wp-content\/uploads\/2024\/10\/Andromeda_Boutique_Hotel_Reception3-300x200.jpg\" data-width=\"300\" data-height=\"200\" aria-label=\"\" role=\"img\" ><\/div>\n\t\t\t\t\t\t\t\t\t\t\t<div class=\"elementor-gallery-item__overlay\"><\/div>\n\t\t\t\t\t\t\t\t\t\t\t\t\t\t<\/a>\n\t\t\t\t\t\t\t<a class=\"e-gallery-item elementor-gallery-item elementor-animated-content\" href=\"https:\/\/andromedahotel.gr\/wp-content\/uploads\/2024\/10\/Andromeda_Boutique_Hotel_12.jpg\" data-elementor-open-lightbox=\"yes\" data-elementor-lightbox-slideshow=\"8b82238\" data-elementor-lightbox-title=\"default\" data-e-action-hash=\"#elementor-action%3Aaction%3Dlightbox%26settings%3DeyJpZCI6ODg0MSwidXJsIjoiaHR0cHM6XC9cL2FuZHJvbWVkYWhvdGVsLmdyXC93cC1jb250ZW50XC91cGxvYWRzXC8yMDI0XC8xMFwvQW5kcm9tZWRhX0JvdXRpcXVlX0hvdGVsXzEyLmpwZyIsInNsaWRlc2hvdyI6IjhiODIyMzgifQ%3D%3D\">\n\t\t\t\t\t<div class=\"e-gallery-image elementor-gallery-item__image\" data-thumbnail=\"https:\/\/andromedahotel.gr\/wp-content\/uploads\/2024\/10\/Andromeda_Boutique_Hotel_12-181x300.jpg\" data-width=\"181\" data-height=\"300\" aria-label=\"\" role=\"img\" ><\/div>\n\t\t\t\t\t\t\t\t\t\t\t<div class=\"elementor-gallery-item__overlay\"><\/div>\n\t\t\t\t\t\t\t\t\t\t\t\t\t\t<\/a>\n\t\t\t\t\t\t\t<a class=\"e-gallery-item elementor-gallery-item elementor-animated-content\" href=\"https:\/\/andromedahotel.gr\/wp-content\/uploads\/2024\/10\/Andromeda_Boutique_Hotel_10-1.jpg\" data-elementor-open-lightbox=\"yes\" data-elementor-lightbox-slideshow=\"8b82238\" data-elementor-lightbox-title=\"default\" data-e-action-hash=\"#elementor-action%3Aaction%3Dlightbox%26settings%3DeyJpZCI6ODg0MiwidXJsIjoiaHR0cHM6XC9cL2FuZHJvbWVkYWhvdGVsLmdyXC93cC1jb250ZW50XC91cGxvYWRzXC8yMDI0XC8xMFwvQW5kcm9tZWRhX0JvdXRpcXVlX0hvdGVsXzEwLTEuanBnIiwic2xpZGVzaG93IjoiOGI4MjIzOCJ9\">\n\t\t\t\t\t<div class=\"e-gallery-image elementor-gallery-item__image\" data-thumbnail=\"https:\/\/andromedahotel.gr\/wp-content\/uploads\/2024\/10\/Andromeda_Boutique_Hotel_10-1-300x181.jpg\" data-width=\"300\" data-height=\"181\" aria-label=\"\" role=\"img\" ><\/div>\n\t\t\t\t\t\t\t\t\t\t\t<div class=\"elementor-gallery-item__overlay\"><\/div>\n\t\t\t\t\t\t\t\t\t\t\t\t\t\t<\/a>\n\t\t\t\t\t\t\t<a class=\"e-gallery-item elementor-gallery-item elementor-animated-content\" href=\"https:\/\/andromedahotel.gr\/wp-content\/uploads\/2024\/10\/Andromeda_Boutique_Hotel_6.jpg\" data-elementor-open-lightbox=\"yes\" data-elementor-lightbox-slideshow=\"8b82238\" data-elementor-lightbox-title=\"Andromeda_Boutique_Hotel_6\" data-e-action-hash=\"#elementor-action%3Aaction%3Dlightbox%26settings%3DeyJpZCI6ODg0MywidXJsIjoiaHR0cHM6XC9cL2FuZHJvbWVkYWhvdGVsLmdyXC93cC1jb250ZW50XC91cGxvYWRzXC8yMDI0XC8xMFwvQW5kcm9tZWRhX0JvdXRpcXVlX0hvdGVsXzYuanBnIiwic2xpZGVzaG93IjoiOGI4MjIzOCJ9\">\n\t\t\t\t\t<div class=\"e-gallery-image elementor-gallery-item__image\" data-thumbnail=\"https:\/\/andromedahotel.gr\/wp-content\/uploads\/2024\/10\/Andromeda_Boutique_Hotel_6-200x300.jpg\" data-width=\"200\" data-height=\"300\" aria-label=\"\" role=\"img\" ><\/div>\n\t\t\t\t\t\t\t\t\t\t\t<div class=\"elementor-gallery-item__overlay\"><\/div>\n\t\t\t\t\t\t\t\t\t\t\t\t\t\t<\/a>\n\t\t\t\t\t\t\t<a class=\"e-gallery-item elementor-gallery-item elementor-animated-content\" href=\"https:\/\/andromedahotel.gr\/wp-content\/uploads\/2024\/10\/Andromeda_Boutique_Hotel_2.jpg\" data-elementor-open-lightbox=\"yes\" data-elementor-lightbox-slideshow=\"8b82238\" data-elementor-lightbox-title=\"Andromeda_Boutique_Hotel_2\" data-e-action-hash=\"#elementor-action%3Aaction%3Dlightbox%26settings%3DeyJpZCI6ODg0NCwidXJsIjoiaHR0cHM6XC9cL2FuZHJvbWVkYWhvdGVsLmdyXC93cC1jb250ZW50XC91cGxvYWRzXC8yMDI0XC8xMFwvQW5kcm9tZWRhX0JvdXRpcXVlX0hvdGVsXzIuanBnIiwic2xpZGVzaG93IjoiOGI4MjIzOCJ9\">\n\t\t\t\t\t<div class=\"e-gallery-image elementor-gallery-item__image\" data-thumbnail=\"https:\/\/andromedahotel.gr\/wp-content\/uploads\/2024\/10\/Andromeda_Boutique_Hotel_2-200x300.jpg\" data-width=\"200\" data-height=\"300\" aria-label=\"\" role=\"img\" ><\/div>\n\t\t\t\t\t\t\t\t\t\t\t<div class=\"elementor-gallery-item__overlay\"><\/div>\n\t\t\t\t\t\t\t\t\t\t\t\t\t\t<\/a>\n\t\t\t\t\t\t\t<a class=\"e-gallery-item elementor-gallery-item elementor-animated-content\" href=\"https:\/\/andromedahotel.gr\/wp-content\/uploads\/2024\/10\/Andromeda_Boutique_edited.jpg\" data-elementor-open-lightbox=\"yes\" data-elementor-lightbox-slideshow=\"8b82238\" data-elementor-lightbox-title=\"Andromeda_Boutique_edited\" data-e-action-hash=\"#elementor-action%3Aaction%3Dlightbox%26settings%3DeyJpZCI6ODgzNywidXJsIjoiaHR0cHM6XC9cL2FuZHJvbWVkYWhvdGVsLmdyXC93cC1jb250ZW50XC91cGxvYWRzXC8yMDI0XC8xMFwvQW5kcm9tZWRhX0JvdXRpcXVlX2VkaXRlZC5qcGciLCJzbGlkZXNob3ciOiI4YjgyMjM4In0%3D\">\n\t\t\t\t\t<div class=\"e-gallery-image elementor-gallery-item__image\" data-thumbnail=\"https:\/\/andromedahotel.gr\/wp-content\/uploads\/2024\/10\/Andromeda_Boutique_edited-182x300.jpg\" data-width=\"182\" data-height=\"300\" aria-label=\"\" role=\"img\" ><\/div>\n\t\t\t\t\t\t\t\t\t\t\t<div class=\"elementor-gallery-item__overlay\"><\/div>\n\t\t\t\t\t\t\t\t\t\t\t\t\t\t<\/a>\n\t\t\t\t\t\t\t<a class=\"e-gallery-item elementor-gallery-item elementor-animated-content\" href=\"https:\/\/andromedahotel.gr\/wp-content\/uploads\/2024\/10\/Andromeda_Boutique_Hotel_Yard6.jpg\" data-elementor-open-lightbox=\"yes\" data-elementor-lightbox-slideshow=\"8b82238\" data-elementor-lightbox-title=\"Andromeda_Boutique_Hotel_Yard6\" data-e-action-hash=\"#elementor-action%3Aaction%3Dlightbox%26settings%3DeyJpZCI6ODg0NSwidXJsIjoiaHR0cHM6XC9cL2FuZHJvbWVkYWhvdGVsLmdyXC93cC1jb250ZW50XC91cGxvYWRzXC8yMDI0XC8xMFwvQW5kcm9tZWRhX0JvdXRpcXVlX0hvdGVsX1lhcmQ2LmpwZyIsInNsaWRlc2hvdyI6IjhiODIyMzgifQ%3D%3D\">\n\t\t\t\t\t<div class=\"e-gallery-image elementor-gallery-item__image\" data-thumbnail=\"https:\/\/andromedahotel.gr\/wp-content\/uploads\/2024\/10\/Andromeda_Boutique_Hotel_Yard6-300x200.jpg\" data-width=\"300\" data-height=\"200\" aria-label=\"\" role=\"img\" ><\/div>\n\t\t\t\t\t\t\t\t\t\t\t<div class=\"elementor-gallery-item__overlay\"><\/div>\n\t\t\t\t\t\t\t\t\t\t\t\t\t\t<\/a>\n\t\t\t\t\t\t\t<a class=\"e-gallery-item elementor-gallery-item elementor-animated-content\" href=\"https:\/\/andromedahotel.gr\/wp-content\/uploads\/2024\/10\/Andromeda_Boutique_Hotel_Yard7.jpg\" data-elementor-open-lightbox=\"yes\" data-elementor-lightbox-slideshow=\"8b82238\" data-elementor-lightbox-title=\"Andromeda_Boutique_Hotel_Yard7\" data-e-action-hash=\"#elementor-action%3Aaction%3Dlightbox%26settings%3DeyJpZCI6ODg0NiwidXJsIjoiaHR0cHM6XC9cL2FuZHJvbWVkYWhvdGVsLmdyXC93cC1jb250ZW50XC91cGxvYWRzXC8yMDI0XC8xMFwvQW5kcm9tZWRhX0JvdXRpcXVlX0hvdGVsX1lhcmQ3LmpwZyIsInNsaWRlc2hvdyI6IjhiODIyMzgifQ%3D%3D\">\n\t\t\t\t\t<div class=\"e-gallery-image elementor-gallery-item__image\" data-thumbnail=\"https:\/\/andromedahotel.gr\/wp-content\/uploads\/2024\/10\/Andromeda_Boutique_Hotel_Yard7-300x200.jpg\" data-width=\"300\" data-height=\"200\" aria-label=\"\" role=\"img\" ><\/div>\n\t\t\t\t\t\t\t\t\t\t\t<div class=\"elementor-gallery-item__overlay\"><\/div>\n\t\t\t\t\t\t\t\t\t\t\t\t\t\t<\/a>\n\t\t\t\t\t\t\t<a class=\"e-gallery-item elementor-gallery-item elementor-animated-content\" href=\"https:\/\/andromedahotel.gr\/wp-content\/uploads\/2024\/10\/Andromeda_Boutique_Hotel_Reception1.jpg\" data-elementor-open-lightbox=\"yes\" data-elementor-lightbox-slideshow=\"8b82238\" data-elementor-lightbox-title=\"Boutique Hotel\" data-e-action-hash=\"#elementor-action%3Aaction%3Dlightbox%26settings%3DeyJpZCI6ODg0NywidXJsIjoiaHR0cHM6XC9cL2FuZHJvbWVkYWhvdGVsLmdyXC93cC1jb250ZW50XC91cGxvYWRzXC8yMDI0XC8xMFwvQW5kcm9tZWRhX0JvdXRpcXVlX0hvdGVsX1JlY2VwdGlvbjEuanBnIiwic2xpZGVzaG93IjoiOGI4MjIzOCJ9\">\n\t\t\t\t\t<div class=\"e-gallery-image elementor-gallery-item__image\" data-thumbnail=\"https:\/\/andromedahotel.gr\/wp-content\/uploads\/2024\/10\/Andromeda_Boutique_Hotel_Reception1-300x200.jpg\" data-width=\"300\" data-height=\"200\" aria-label=\"\" role=\"img\" ><\/div>\n\t\t\t\t\t\t\t\t\t\t\t<div class=\"elementor-gallery-item__overlay\"><\/div>\n\t\t\t\t\t\t\t\t\t\t\t\t\t\t<\/a>\n\t\t\t\t\t\t\t<a class=\"e-gallery-item elementor-gallery-item elementor-animated-content\" href=\"https:\/\/andromedahotel.gr\/wp-content\/uploads\/2024\/10\/Andromeda_Boutique_Hotel_Lobby3.jpg\" data-elementor-open-lightbox=\"yes\" data-elementor-lightbox-slideshow=\"8b82238\" data-elementor-lightbox-title=\"Andromeda_Boutique_Hotel_Lobby3\" data-e-action-hash=\"#elementor-action%3Aaction%3Dlightbox%26settings%3DeyJpZCI6ODg0OCwidXJsIjoiaHR0cHM6XC9cL2FuZHJvbWVkYWhvdGVsLmdyXC93cC1jb250ZW50XC91cGxvYWRzXC8yMDI0XC8xMFwvQW5kcm9tZWRhX0JvdXRpcXVlX0hvdGVsX0xvYmJ5My5qcGciLCJzbGlkZXNob3ciOiI4YjgyMjM4In0%3D\">\n\t\t\t\t\t<div class=\"e-gallery-image elementor-gallery-item__image\" data-thumbnail=\"https:\/\/andromedahotel.gr\/wp-content\/uploads\/2024\/10\/Andromeda_Boutique_Hotel_Lobby3-300x200.jpg\" data-width=\"300\" data-height=\"200\" aria-label=\"\" role=\"img\" ><\/div>\n\t\t\t\t\t\t\t\t\t\t\t<div class=\"elementor-gallery-item__overlay\"><\/div>\n\t\t\t\t\t\t\t\t\t\t\t\t\t\t<\/a>\n\t\t\t\t\t<\/div>\n\t\t\t\t\t<\/div>\n\t\t\t\t<\/div>\n\t\t\t\t\t<\/div>\n\t\t\t\t<\/div>\n\t\t\t\t<\/div>\n\t\t","protected":false},"excerpt":{"rendered":"<p>Nd\u00ebrtesa jon\u00eb Nd\u00ebrtesa e tipit eklektik, e shpallur monument kulture, ndodhet n\u00eb kryq\u00ebzimin e rrug\u00ebve Mitropoleos 33 dhe Douka Sahini, p\u00ebrball\u00eb xhamis\u00eb Kursum. Historia e saj fillon nj\u00eb shekull m\u00eb par\u00eb, pasi u nd\u00ebrtua n\u00eb vitin 1932 nga patriarku i familjes Papandina, Nikolaos Papandina. N\u00eb vitin 1989, nd\u00ebrtesa u shpall e mbrojtur nga Ministria e [&hellip;]<\/p>\n","protected":false},"author":1,"featured_media":0,"parent":0,"menu_order":0,"comment_status":"closed","ping_status":"closed","template":"","meta":{"inline_featured_image":false,"footnotes":""},"class_list":["post-8924","page","type-page","status-publish","hentry"],"_links":{"self":[{"href":"https:\/\/andromedahotel.gr\/sq\/wp-json\/wp\/v2\/pages\/8924","targetHints":{"allow":["GET"]}}],"collection":[{"href":"https:\/\/andromedahotel.gr\/sq\/wp-json\/wp\/v2\/pages"}],"about":[{"href":"https:\/\/andromedahotel.gr\/sq\/wp-json\/wp\/v2\/types\/page"}],"author":[{"embeddable":true,"href":"https:\/\/andromedahotel.gr\/sq\/wp-json\/wp\/v2\/users\/1"}],"replies":[{"embeddable":true,"href":"https:\/\/andromedahotel.gr\/sq\/wp-json\/wp\/v2\/comments?post=8924"}],"version-history":[{"count":3,"href":"https:\/\/andromedahotel.gr\/sq\/wp-json\/wp\/v2\/pages\/8924\/revisions"}],"predecessor-version":[{"id":8939,"href":"https:\/\/andromedahotel.gr\/sq\/wp-json\/wp\/v2\/pages\/8924\/revisions\/8939"}],"wp:attachment":[{"href":"https:\/\/andromedahotel.gr\/sq\/wp-json\/wp\/v2\/media?parent=8924"}],"curies":[{"name":"wp","href":"https:\/\/api.w.org\/{rel}","templated":true}]}}