{"id":8912,"date":"2024-09-24T12:37:54","date_gmt":"2024-09-24T09:37:54","guid":{"rendered":"https:\/\/andromedahotel.gr\/politika-e-privatesise\/"},"modified":"2025-11-29T18:18:17","modified_gmt":"2025-11-29T15:18:17","slug":"politika-e-privatesise","status":"publish","type":"page","link":"https:\/\/andromedahotel.gr\/sq\/politika-e-privatesise\/","title":{"rendered":"Politika e privat\u00ebsis\u00eb"},"content":{"rendered":"\n<p><\/p>\n\n<p>Deklarata e Privat\u00ebsis\u00eb<\/p>\n\n<p><strong>Hoteli Andromeda<\/strong><br\/>P\u00ebrdit\u00ebsuar p\u00ebr her\u00eb t\u00eb fundit: 21-11-2024<\/p>\n\n<p>Privat\u00ebsia juaj \u00ebsht\u00eb e r\u00ebnd\u00ebsishme p\u00ebr ne. Kjo deklarat\u00eb p\u00ebrshkruan se si ne mbledhim, p\u00ebrdorim dhe mbrojm\u00eb t\u00eb dh\u00ebnat tuaja personale, n\u00eb p\u00ebrputhje me Rregulloren e P\u00ebrgjithshme p\u00ebr Mbrojtjen e t\u00eb Dh\u00ebnave (GDPR) dhe ligjin n\u00eb fuqi.<\/p>\n\n<h3 class=\"wp-block-heading\">\u00c7far\u00eb t\u00eb dh\u00ebnash mbledhim?<\/h3>\n\n<ol class=\"wp-block-list\">\n<li><strong>Informacion p\u00ebr rezervimin<\/strong> : Emri, adresa e email-it, numri i telefonit, t\u00eb dh\u00ebnat e kart\u00ebs s\u00eb kreditit.<\/li>\n\n\n\n<li><strong>Informacione Kontakti<\/strong> : T\u00eb dh\u00ebna q\u00eb na jepni n\u00ebp\u00ebrmjet formularit t\u00eb kontaktit ose email-it.<\/li>\n\n\n\n<li><strong>Kukit\u00eb<\/strong> : T\u00eb dh\u00ebna analitike rreth navigimit tuaj n\u00eb faqen ton\u00eb t\u00eb internetit.<\/li>\n<\/ol>\n\n<h3 class=\"wp-block-heading\">Si i p\u00ebrdorim t\u00eb dh\u00ebnat tuaja?<\/h3>\n\n<ul class=\"wp-block-list\">\n<li>P\u00ebr t\u00eb p\u00ebrfunduar rezervimet tuaja.<\/li>\n\n\n\n<li>P\u00ebr t&#8217;ju kontaktuar n\u00eb lidhje me rezervimin ose k\u00ebrkesat tuaja.<\/li>\n\n\n\n<li>P\u00ebr t\u00eb analizuar trafikun dhe p\u00ebr t\u00eb p\u00ebrmir\u00ebsuar p\u00ebrvoj\u00ebn tuaj n\u00eb faqen e internetit.<\/li>\n<\/ul>\n\n<h3 class=\"wp-block-heading\">Kush ka qasje n\u00eb t\u00eb dh\u00ebnat tuaja?<\/h3>\n\n<p>T\u00eb dh\u00ebnat tuaja mbahen konfidenciale. Ne i ndajm\u00eb informacionet tuaja vet\u00ebm me sh\u00ebrbimet partnere q\u00eb jan\u00eb t\u00eb nevojshme p\u00ebr t\u00eb p\u00ebrfunduar rezervimin (p.sh. bankat, ofruesit e pagesave).<\/p>\n\n<ol class=\"wp-block-list\">\n<li><strong>Informacion p\u00ebr rezervimin<\/strong> : Emri, adresa e email-it, numri i telefonit, t\u00eb dh\u00ebnat e kart\u00ebs s\u00eb kreditit.<\/li>\n\n\n\n<li><strong>Informacione Kontakti<\/strong> : T\u00eb dh\u00ebna q\u00eb na jepni n\u00ebp\u00ebrmjet formularit t\u00eb kontaktit ose email-it.<\/li>\n\n\n\n<li><strong>Kukit\u00eb<\/strong> : T\u00eb dh\u00ebna analitike rreth navigimit tuaj n\u00eb faqen ton\u00eb t\u00eb internetit.<\/li>\n<\/ol>\n","protected":false},"excerpt":{"rendered":"<p>Deklarata e Privat\u00ebsis\u00eb Hoteli AndromedaP\u00ebrdit\u00ebsuar p\u00ebr her\u00eb t\u00eb fundit: 21-11-2024 Privat\u00ebsia juaj \u00ebsht\u00eb e r\u00ebnd\u00ebsishme p\u00ebr ne. Kjo deklarat\u00eb p\u00ebrshkruan se si ne mbledhim, p\u00ebrdorim dhe mbrojm\u00eb t\u00eb dh\u00ebnat tuaja personale, n\u00eb p\u00ebrputhje me Rregulloren e P\u00ebrgjithshme p\u00ebr Mbrojtjen e t\u00eb Dh\u00ebnave (GDPR) dhe ligjin n\u00eb fuqi. \u00c7far\u00eb t\u00eb dh\u00ebnash mbledhim? Si i p\u00ebrdorim t\u00eb [&hellip;]<\/p>\n","protected":false},"author":1,"featured_media":0,"parent":0,"menu_order":0,"comment_status":"closed","ping_status":"open","template":"","meta":{"inline_featured_image":false,"footnotes":""},"class_list":["post-8912","page","type-page","status-publish","hentry"],"_links":{"self":[{"href":"https:\/\/andromedahotel.gr\/sq\/wp-json\/wp\/v2\/pages\/8912","targetHints":{"allow":["GET"]}}],"collection":[{"href":"https:\/\/andromedahotel.gr\/sq\/wp-json\/wp\/v2\/pages"}],"about":[{"href":"https:\/\/andromedahotel.gr\/sq\/wp-json\/wp\/v2\/types\/page"}],"author":[{"embeddable":true,"href":"https:\/\/andromedahotel.gr\/sq\/wp-json\/wp\/v2\/users\/1"}],"replies":[{"embeddable":true,"href":"https:\/\/andromedahotel.gr\/sq\/wp-json\/wp\/v2\/comments?post=8912"}],"version-history":[{"count":1,"href":"https:\/\/andromedahotel.gr\/sq\/wp-json\/wp\/v2\/pages\/8912\/revisions"}],"predecessor-version":[{"id":8913,"href":"https:\/\/andromedahotel.gr\/sq\/wp-json\/wp\/v2\/pages\/8912\/revisions\/8913"}],"wp:attachment":[{"href":"https:\/\/andromedahotel.gr\/sq\/wp-json\/wp\/v2\/media?parent=8912"}],"curies":[{"name":"wp","href":"https:\/\/api.w.org\/{rel}","templated":true}]}}