{"id":8910,"date":"2024-11-21T13:42:08","date_gmt":"2024-11-21T10:42:08","guid":{"rendered":"https:\/\/andromedahotel.gr\/politika-e-cookie-ve\/"},"modified":"2025-11-29T18:17:50","modified_gmt":"2025-11-29T15:17:50","slug":"politika-e-cookie-ve","status":"publish","type":"page","link":"https:\/\/andromedahotel.gr\/sq\/politika-e-cookie-ve\/","title":{"rendered":"Politika e cookie-ve"},"content":{"rendered":"\n<p><strong>Hoteli Andromeda<\/strong><br\/>P\u00ebrdit\u00ebsuar p\u00ebr her\u00eb t\u00eb fundit: 21-11-2024<\/p>\n\n<p>Uebsajti yn\u00eb p\u00ebrdor cookies p\u00ebr t\u00eb p\u00ebrmir\u00ebsuar p\u00ebrvoj\u00ebn tuaj t\u00eb shfletimit dhe p\u00ebr t\u00eb mbledhur t\u00eb dh\u00ebna p\u00ebr analiza.<\/p>\n\n<h3 class=\"wp-block-heading\">\u00c7far\u00eb jan\u00eb kukit\u00eb?<\/h3>\n\n<p>Kukit\u00eb jan\u00eb skedar\u00eb t\u00eb vegj\u00ebl q\u00eb ruhen n\u00eb kompjuterin ose pajisjen tuaj kur vizitoni faqen ton\u00eb t\u00eb internetit.<\/p>\n\n<h3 class=\"wp-block-heading\">\u00c7far\u00eb cookie-sh p\u00ebrdorim ne?<\/h3>\n\n<ol class=\"wp-block-list\">\n<li><strong>Kukit\u00eb e Nevojshme<\/strong> : P\u00ebrdoren p\u00ebr funksionimin e faqes s\u00eb internetit.<\/li>\n\n\n\n<li><strong>Kukit\u00eb e Performanc\u00ebs<\/strong> : Mbledhin t\u00eb dh\u00ebna anonime p\u00ebr t\u00eb p\u00ebrmir\u00ebsuar p\u00ebrvoj\u00ebn tuaj.<\/li>\n\n\n\n<li><strong>Kuki t\u00eb pal\u00ebve t\u00eb treta<\/strong> : (p.sh. Google Analytics) p\u00ebr analiz\u00ebn e t\u00eb dh\u00ebnave.<\/li>\n<\/ol>\n\n<h3 class=\"wp-block-heading\">Si t\u00eb menaxhohen cookie-t?<\/h3>\n\n<p>Mund t\u00eb \u00e7aktivizoni cookies nga cil\u00ebsimet e shfletuesit tuaj.<\/p>\n\n<ol class=\"wp-block-list\">\n<li><strong>Informacione Kontakti<\/strong> : T\u00eb dh\u00ebna q\u00eb na jepni n\u00ebp\u00ebrmjet formularit t\u00eb kontaktit ose email-it.<\/li>\n\n\n\n<li><strong>Kukit\u00eb<\/strong> : T\u00eb dh\u00ebna analitike rreth navigimit tuaj n\u00eb faqen ton\u00eb t\u00eb internetit.<\/li>\n<\/ol>\n","protected":false},"excerpt":{"rendered":"<p>Hoteli AndromedaP\u00ebrdit\u00ebsuar p\u00ebr her\u00eb t\u00eb fundit: 21-11-2024 Uebsajti yn\u00eb p\u00ebrdor cookies p\u00ebr t\u00eb p\u00ebrmir\u00ebsuar p\u00ebrvoj\u00ebn tuaj t\u00eb shfletimit dhe p\u00ebr t\u00eb mbledhur t\u00eb dh\u00ebna p\u00ebr analiza. \u00c7far\u00eb jan\u00eb kukit\u00eb? Kukit\u00eb jan\u00eb skedar\u00eb t\u00eb vegj\u00ebl q\u00eb ruhen n\u00eb kompjuterin ose pajisjen tuaj kur vizitoni faqen ton\u00eb t\u00eb internetit. \u00c7far\u00eb cookie-sh p\u00ebrdorim ne? Si t\u00eb menaxhohen cookie-t? [&hellip;]<\/p>\n","protected":false},"author":1,"featured_media":0,"parent":0,"menu_order":0,"comment_status":"closed","ping_status":"open","template":"","meta":{"inline_featured_image":false,"footnotes":""},"class_list":["post-8910","page","type-page","status-publish","hentry"],"_links":{"self":[{"href":"https:\/\/andromedahotel.gr\/sq\/wp-json\/wp\/v2\/pages\/8910","targetHints":{"allow":["GET"]}}],"collection":[{"href":"https:\/\/andromedahotel.gr\/sq\/wp-json\/wp\/v2\/pages"}],"about":[{"href":"https:\/\/andromedahotel.gr\/sq\/wp-json\/wp\/v2\/types\/page"}],"author":[{"embeddable":true,"href":"https:\/\/andromedahotel.gr\/sq\/wp-json\/wp\/v2\/users\/1"}],"replies":[{"embeddable":true,"href":"https:\/\/andromedahotel.gr\/sq\/wp-json\/wp\/v2\/comments?post=8910"}],"version-history":[{"count":1,"href":"https:\/\/andromedahotel.gr\/sq\/wp-json\/wp\/v2\/pages\/8910\/revisions"}],"predecessor-version":[{"id":8911,"href":"https:\/\/andromedahotel.gr\/sq\/wp-json\/wp\/v2\/pages\/8910\/revisions\/8911"}],"wp:attachment":[{"href":"https:\/\/andromedahotel.gr\/sq\/wp-json\/wp\/v2\/media?parent=8910"}],"curies":[{"name":"wp","href":"https:\/\/api.w.org\/{rel}","templated":true}]}}