{"id":8871,"date":"2024-10-28T13:07:53","date_gmt":"2024-10-28T10:07:53","guid":{"rendered":"https:\/\/andromedahotel.gr\/vendndodhja-jone\/"},"modified":"2025-11-29T18:14:55","modified_gmt":"2025-11-29T15:14:55","slug":"vendndodhja-jone","status":"publish","type":"page","link":"https:\/\/andromedahotel.gr\/sq\/vendndodhja-jone\/","title":{"rendered":"Vendndodhja jon\u00eb"},"content":{"rendered":"\t\t<div data-elementor-type=\"wp-page\" data-elementor-id=\"8871\" class=\"elementor elementor-8871 elementor-7196\" data-elementor-post-type=\"page\">\n\t\t\t\t\t\t<section class=\"elementor-section elementor-top-section elementor-element elementor-element-f3be93c elementor-section-stretched elementor-section-content-middle elementor-section-boxed elementor-section-height-default elementor-section-height-default\" data-id=\"f3be93c\" data-element_type=\"section\" data-settings=\"{&quot;stretch_section&quot;:&quot;section-stretched&quot;,&quot;background_background&quot;:&quot;classic&quot;}\">\n\t\t\t\t\t\t\t<div class=\"elementor-background-overlay\"><\/div>\n\t\t\t\t\t\t\t<div class=\"elementor-container elementor-column-gap-default\">\n\t\t\t\t\t<div class=\"elementor-column elementor-col-100 elementor-top-column elementor-element elementor-element-c50f8ac\" data-id=\"c50f8ac\" data-element_type=\"column\" data-settings=\"{&quot;background_background&quot;:&quot;classic&quot;}\">\n\t\t\t<div class=\"elementor-widget-wrap elementor-element-populated\">\n\t\t\t\t\t\t<div class=\"elementor-element elementor-element-2b2bce58 elementor-widget elementor-widget-heading\" data-id=\"2b2bce58\" data-element_type=\"widget\" data-widget_type=\"heading.default\">\n\t\t\t\t<div class=\"elementor-widget-container\">\n\t\t\t\t\t<h1 class=\"elementor-heading-title elementor-size-default\">Vendndodhja jon\u00eb<\/h1>\t\t\t\t<\/div>\n\t\t\t\t<\/div>\n\t\t\t\t\t<\/div>\n\t\t<\/div>\n\t\t\t\t\t<\/div>\n\t\t<\/section>\n\t\t\t\t<section class=\"elementor-section elementor-top-section elementor-element elementor-element-3ef657f8 elementor-section-content-middle elementor-section-full_width elementor-section-height-default elementor-section-height-default\" data-id=\"3ef657f8\" data-element_type=\"section\">\n\t\t\t\t\t\t<div class=\"elementor-container elementor-column-gap-default\">\n\t\t\t\t\t<div class=\"elementor-column elementor-col-50 elementor-top-column elementor-element elementor-element-6769bcc3\" data-id=\"6769bcc3\" data-element_type=\"column\">\n\t\t\t<div class=\"elementor-widget-wrap elementor-element-populated\">\n\t\t\t\t\t\t<div class=\"elementor-element elementor-element-f31ccc1 elementor-widget elementor-widget-heading\" data-id=\"f31ccc1\" data-element_type=\"widget\" data-widget_type=\"heading.default\">\n\t\t\t\t<div class=\"elementor-widget-container\">\n\t\t\t\t\t<h6 class=\"elementor-heading-title elementor-size-default\">Hoteli Andromeda ndodhet n\u00eb qendr\u00ebn historike t\u00eb Kosturit, n\u00eb rrug\u00ebn Mitropoleos, n\u00eb vendin ku zhvillohen \u00e7do vit \"Ragoutsaria\", vet\u00ebm pak metra larg Gjykat\u00ebs, Dhom\u00ebs s\u00eb Tregtis\u00eb, p\u00ebrball\u00eb Qendr\u00ebs Sh\u00ebndet\u00ebsore dhe Efka-s dhe shum\u00eb af\u00ebr Klubit t\u00eb Oficer\u00ebve.<\/h6>\t\t\t\t<\/div>\n\t\t\t\t<\/div>\n\t\t\t\t<div class=\"elementor-element elementor-element-57a26678 elementor-widget elementor-widget-heading\" data-id=\"57a26678\" data-element_type=\"widget\" data-widget_type=\"heading.default\">\n\t\t\t\t<div class=\"elementor-widget-container\">\n\t\t\t\t\t<h6 class=\"elementor-heading-title elementor-size-default\">Xhamia Kursoum ndodhet 100 m, Muzeu Bizantin i qytetit n\u00eb 270 m, Kisha Koumbelidiki n\u00eb 350 m dhe Sheshi Omonia n\u00eb 400 m.<\/h6>\t\t\t\t<\/div>\n\t\t\t\t<\/div>\n\t\t\t\t<div class=\"elementor-element elementor-element-5c7c0e6 elementor-widget elementor-widget-heading\" data-id=\"5c7c0e6\" data-element_type=\"widget\" data-widget_type=\"heading.default\">\n\t\t\t\t<div class=\"elementor-widget-container\">\n\t\t\t\t\t<h6 class=\"elementor-heading-title elementor-size-default\">P\u00ebr shkak t\u00eb vendndodhjes s\u00eb saj, \u00ebsht\u00eb po aq larg nga plazhet veriore dhe jugore t\u00eb qytetit dhe mund t\u00eb arrihet n\u00eb k\u00ebmb\u00eb vet\u00ebm n\u00eb pak minuta.<\/h6>\t\t\t\t<\/div>\n\t\t\t\t<\/div>\n\t\t\t\t<div class=\"elementor-element elementor-element-21dff7d elementor-widget elementor-widget-heading\" data-id=\"21dff7d\" data-element_type=\"widget\" data-widget_type=\"heading.default\">\n\t\t\t\t<div class=\"elementor-widget-container\">\n\t\t\t\t\t<h6 class=\"elementor-heading-title elementor-size-default\">E nj\u00ebjta gj\u00eb ndodh edhe me lagjet e vjetra t\u00eb Dol\u00e7os dhe Apozarit, ato ndodhen 700 m larg dhe mund t\u00eb shkohet edhe n\u00eb k\u00ebmb\u00eb.<\/h6>\t\t\t\t<\/div>\n\t\t\t\t<\/div>\n\t\t\t\t<div class=\"elementor-element elementor-element-32e4455 elementor-widget elementor-widget-heading\" data-id=\"32e4455\" data-element_type=\"widget\" data-widget_type=\"heading.default\">\n\t\t\t\t<div class=\"elementor-widget-container\">\n\t\t\t\t\t<h6 class=\"elementor-heading-title elementor-size-default\">N\u00eb lagjen ton\u00eb do t\u00eb gjeni pasti\u00e7erien tradicionale \"Kalampoukas\"\ndhe kinemaja historike e rinovuar \"Olympion\".<\/h6>\t\t\t\t<\/div>\n\t\t\t\t<\/div>\n\t\t\t\t\t<\/div>\n\t\t<\/div>\n\t\t\t\t<div class=\"elementor-column elementor-col-50 elementor-top-column elementor-element elementor-element-5ecd0adf\" data-id=\"5ecd0adf\" data-element_type=\"column\">\n\t\t\t<div class=\"elementor-widget-wrap elementor-element-populated\">\n\t\t\t\t\t\t<div class=\"elementor-element elementor-element-3cdf341 elementor-widget elementor-widget-image\" data-id=\"3cdf341\" data-element_type=\"widget\" data-widget_type=\"image.default\">\n\t\t\t\t<div class=\"elementor-widget-container\">\n\t\t\t\t\t\t\t\t\t\t\t\t\t\t\t\t<a href=\"https:\/\/andromedahotel.gr\/wp-content\/uploads\/2024\/10\/Andromeda_Boutique_Hotel_20.jpg\" data-elementor-open-lightbox=\"yes\" data-elementor-lightbox-title=\"default\" data-e-action-hash=\"#elementor-action%3Aaction%3Dlightbox%26settings%3DeyJpZCI6ODg0OSwidXJsIjoiaHR0cHM6XC9cL2FuZHJvbWVkYWhvdGVsLmdyXC93cC1jb250ZW50XC91cGxvYWRzXC8yMDI0XC8xMFwvQW5kcm9tZWRhX0JvdXRpcXVlX0hvdGVsXzIwLmpwZyJ9\">\n\t\t\t\t\t\t\t<img fetchpriority=\"high\" decoding=\"async\" width=\"964\" height=\"720\" src=\"https:\/\/andromedahotel.gr\/wp-content\/uploads\/2024\/10\/Andromeda_Boutique_Hotel_20.jpg\" class=\"attachment-large size-large wp-image-8849\" alt=\"\" srcset=\"https:\/\/andromedahotel.gr\/wp-content\/uploads\/2024\/10\/Andromeda_Boutique_Hotel_20.jpg 964w, https:\/\/andromedahotel.gr\/wp-content\/uploads\/2024\/10\/Andromeda_Boutique_Hotel_20-300x224.jpg 300w, https:\/\/andromedahotel.gr\/wp-content\/uploads\/2024\/10\/Andromeda_Boutique_Hotel_20-768x574.jpg 768w, https:\/\/andromedahotel.gr\/wp-content\/uploads\/2024\/10\/Andromeda_Boutique_Hotel_20-600x448.jpg 600w\" sizes=\"(max-width: 964px) 100vw, 964px\" \/>\t\t\t\t\t\t\t\t<\/a>\n\t\t\t\t\t\t\t\t\t\t\t\t\t\t\t<\/div>\n\t\t\t\t<\/div>\n\t\t\t\t\t<\/div>\n\t\t<\/div>\n\t\t\t\t\t<\/div>\n\t\t<\/section>\n\t\t\t\t<\/div>\n\t\t","protected":false},"excerpt":{"rendered":"<p>Vendndodhja jon\u00eb Hoteli Andromeda ndodhet n\u00eb qendr\u00ebn historike t\u00eb Kosturit, n\u00eb rrug\u00ebn Mitropoleos, n\u00eb vendin ku zhvillohen \u00e7do vit &#8220;Ragoutsaria&#8221;, vet\u00ebm pak metra larg Gjykat\u00ebs, Dhom\u00ebs s\u00eb Tregtis\u00eb, p\u00ebrball\u00eb Qendr\u00ebs Sh\u00ebndet\u00ebsore dhe Efka-s dhe shum\u00eb af\u00ebr Klubit t\u00eb Oficer\u00ebve. Xhamia Kursoum ndodhet 100 m, Muzeu Bizantin i qytetit n\u00eb 270 m, Kisha Koumbelidiki n\u00eb 350 [&hellip;]<\/p>\n","protected":false},"author":1,"featured_media":0,"parent":0,"menu_order":0,"comment_status":"closed","ping_status":"closed","template":"","meta":{"inline_featured_image":false,"footnotes":""},"class_list":["post-8871","page","type-page","status-publish","hentry"],"_links":{"self":[{"href":"https:\/\/andromedahotel.gr\/sq\/wp-json\/wp\/v2\/pages\/8871","targetHints":{"allow":["GET"]}}],"collection":[{"href":"https:\/\/andromedahotel.gr\/sq\/wp-json\/wp\/v2\/pages"}],"about":[{"href":"https:\/\/andromedahotel.gr\/sq\/wp-json\/wp\/v2\/types\/page"}],"author":[{"embeddable":true,"href":"https:\/\/andromedahotel.gr\/sq\/wp-json\/wp\/v2\/users\/1"}],"replies":[{"embeddable":true,"href":"https:\/\/andromedahotel.gr\/sq\/wp-json\/wp\/v2\/comments?post=8871"}],"version-history":[{"count":1,"href":"https:\/\/andromedahotel.gr\/sq\/wp-json\/wp\/v2\/pages\/8871\/revisions"}],"predecessor-version":[{"id":8872,"href":"https:\/\/andromedahotel.gr\/sq\/wp-json\/wp\/v2\/pages\/8871\/revisions\/8872"}],"wp:attachment":[{"href":"https:\/\/andromedahotel.gr\/sq\/wp-json\/wp\/v2\/media?parent=8871"}],"curies":[{"name":"wp","href":"https:\/\/api.w.org\/{rel}","templated":true}]}}