{"id":8863,"date":"2024-11-16T12:25:04","date_gmt":"2024-11-16T09:25:04","guid":{"rendered":"https:\/\/andromedahotel.gr\/kendi-yne\/"},"modified":"2025-11-29T18:13:04","modified_gmt":"2025-11-29T15:13:04","slug":"kendi-yne","status":"publish","type":"page","link":"https:\/\/andromedahotel.gr\/sq\/kendi-yne\/","title":{"rendered":"K\u00ebndi Yn\u00eb"},"content":{"rendered":"\t\t<div data-elementor-type=\"wp-page\" data-elementor-id=\"8863\" class=\"elementor elementor-8863 elementor-7398\" data-elementor-post-type=\"page\">\n\t\t\t\t\t\t<section class=\"elementor-section elementor-top-section elementor-element elementor-element-f3be93c elementor-section-stretched elementor-section-content-middle elementor-section-boxed elementor-section-height-default elementor-section-height-default\" data-id=\"f3be93c\" data-element_type=\"section\" data-settings=\"{&quot;stretch_section&quot;:&quot;section-stretched&quot;,&quot;background_background&quot;:&quot;classic&quot;}\">\n\t\t\t\t\t\t\t<div class=\"elementor-background-overlay\"><\/div>\n\t\t\t\t\t\t\t<div class=\"elementor-container elementor-column-gap-default\">\n\t\t\t\t\t<div class=\"elementor-column elementor-col-100 elementor-top-column elementor-element elementor-element-c50f8ac\" data-id=\"c50f8ac\" data-element_type=\"column\" data-settings=\"{&quot;background_background&quot;:&quot;classic&quot;}\">\n\t\t\t<div class=\"elementor-widget-wrap elementor-element-populated\">\n\t\t\t\t\t\t<div class=\"elementor-element elementor-element-2b2bce58 elementor-widget elementor-widget-heading\" data-id=\"2b2bce58\" data-element_type=\"widget\" data-widget_type=\"heading.default\">\n\t\t\t\t<div class=\"elementor-widget-container\">\n\t\t\t\t\t<h1 class=\"elementor-heading-title elementor-size-default\">K\u00ebndi Yn\u00eb<\/h1>\t\t\t\t<\/div>\n\t\t\t\t<\/div>\n\t\t\t\t\t<\/div>\n\t\t<\/div>\n\t\t\t\t\t<\/div>\n\t\t<\/section>\n\t\t\t\t<section class=\"elementor-section elementor-top-section elementor-element elementor-element-3ef657f8 elementor-section-content-middle elementor-section-full_width elementor-section-height-default elementor-section-height-default\" data-id=\"3ef657f8\" data-element_type=\"section\">\n\t\t\t\t\t\t<div class=\"elementor-container elementor-column-gap-default\">\n\t\t\t\t\t<div class=\"elementor-column elementor-col-50 elementor-top-column elementor-element elementor-element-6769bcc3\" data-id=\"6769bcc3\" data-element_type=\"column\">\n\t\t\t<div class=\"elementor-widget-wrap elementor-element-populated\">\n\t\t\t\t\t\t<div class=\"elementor-element elementor-element-f31ccc1 elementor-widget__width-initial elementor-widget elementor-widget-heading\" data-id=\"f31ccc1\" data-element_type=\"widget\" data-widget_type=\"heading.default\">\n\t\t\t\t<div class=\"elementor-widget-container\">\n\t\t\t\t\t<h6 class=\"elementor-heading-title elementor-size-default\">N\u00eb lobin e hotelit ton\u00eb do t\u00eb gjeni nj\u00eb shum\u00ebllojshm\u00ebri produktesh tradicionale t\u00eb zon\u00ebs son\u00eb.<\/h6>\t\t\t\t<\/div>\n\t\t\t\t<\/div>\n\t\t\t\t<div class=\"elementor-element elementor-element-c03a3b8 elementor-widget elementor-widget-heading\" data-id=\"c03a3b8\" data-element_type=\"widget\" data-widget_type=\"heading.default\">\n\t\t\t\t<div class=\"elementor-widget-container\">\n\t\t\t\t\t<h6 class=\"elementor-heading-title elementor-size-default\">N\u00eb lobin e hotelit ton\u00eb do t\u00eb gjeni nj\u00eb shum\u00ebllojshm\u00ebri produktesh tradicionale t\u00eb zon\u00ebs son\u00eb.<\/h6>\t\t\t\t<\/div>\n\t\t\t\t<\/div>\n\t\t\t\t<div class=\"elementor-element elementor-element-57a26678 elementor-widget elementor-widget-heading\" data-id=\"57a26678\" data-element_type=\"widget\" data-widget_type=\"heading.default\">\n\t\t\t\t<div class=\"elementor-widget-container\">\n\t\t\t\t\t<h6 class=\"elementor-heading-title elementor-size-default\">Fasule, fasule gjigante dhe thjerr\u00ebza q\u00eb kultivohen n\u00eb zonat p\u00ebrreth.<\/h6>\t\t\t\t<\/div>\n\t\t\t\t<\/div>\n\t\t\t\t<div class=\"elementor-element elementor-element-5c7c0e6 elementor-widget elementor-widget-heading\" data-id=\"5c7c0e6\" data-element_type=\"widget\" data-widget_type=\"heading.default\">\n\t\t\t\t<div class=\"elementor-widget-container\">\n\t\t\t\t\t<h6 class=\"elementor-heading-title elementor-size-default\">Bim\u00eb mjek\u00ebsore nga kompania \u201cPsysis Aroma\u201d, produkte k\u00ebrmijsh nga \u201cHelix Land\u201d, makarona tradicionale si hilopita, orzo, trahana dhe couscous nga kompania \u201cTrantou\u201d, fruta t\u00eb thata nga \u201cEdodimo\u201d, si dhe lokume, karamele dhe t\u00eb \u00ebmbla tradicionale nga \u201cMousios\u201d.<\/h6>\t\t\t\t<\/div>\n\t\t\t\t<\/div>\n\t\t\t\t<div class=\"elementor-element elementor-element-21dff7d elementor-widget elementor-widget-heading\" data-id=\"21dff7d\" data-element_type=\"widget\" data-widget_type=\"heading.default\">\n\t\t\t\t<div class=\"elementor-widget-container\">\n\t\t\t\t\t<h6 class=\"elementor-heading-title elementor-size-default\">Mund t\u2019i blini p\u00ebr p\u00ebrdorim personal ose p\u00ebr t\u2019i dhuruar t\u00eb dashurve tuaj.<\/h6>\t\t\t\t<\/div>\n\t\t\t\t<\/div>\n\t\t\t\t<div class=\"elementor-element elementor-element-f529900 dd-gallery--links elementor-widget elementor-widget-gallery\" data-id=\"f529900\" data-element_type=\"widget\" data-settings=\"{&quot;gallery_layout&quot;:&quot;masonry&quot;,&quot;columns&quot;:3,&quot;gap&quot;:{&quot;unit&quot;:&quot;px&quot;,&quot;size&quot;:40,&quot;sizes&quot;:[]},&quot;link_to&quot;:&quot;custom&quot;,&quot;lazyload&quot;:&quot;yes&quot;,&quot;columns_tablet&quot;:2,&quot;columns_mobile&quot;:1,&quot;gap_tablet&quot;:{&quot;unit&quot;:&quot;px&quot;,&quot;size&quot;:10,&quot;sizes&quot;:[]},&quot;gap_mobile&quot;:{&quot;unit&quot;:&quot;px&quot;,&quot;size&quot;:10,&quot;sizes&quot;:[]},&quot;url&quot;:{&quot;url&quot;:&quot;&quot;,&quot;is_external&quot;:&quot;&quot;,&quot;nofollow&quot;:&quot;&quot;,&quot;custom_attributes&quot;:&quot;&quot;},&quot;overlay_background&quot;:&quot;yes&quot;,&quot;content_hover_animation&quot;:&quot;fade-in&quot;}\" data-widget_type=\"gallery.default\">\n\t\t\t\t<div class=\"elementor-widget-container\">\n\t\t\t\t\t\t\t<div class=\"elementor-gallery__container\">\n\t\t\t\t\t\t\t<a class=\"e-gallery-item elementor-gallery-item elementor-animated-content\">\n\t\t\t\t\t<div class=\"e-gallery-image elementor-gallery-item__image\" data-thumbnail=\"https:\/\/andromedahotel.gr\/wp-content\/uploads\/2024\/11\/trantouZimarika-1.jpg\" data-width=\"1920\" data-height=\"1080\" aria-label=\"\" role=\"img\" ><\/div>\n\t\t\t\t\t\t\t\t\t\t\t<div class=\"elementor-gallery-item__overlay\"><\/div>\n\t\t\t\t\t\t\t\t\t\t\t\t\t\t<\/a>\n\t\t\t\t\t\t\t<a class=\"e-gallery-item elementor-gallery-item elementor-animated-content\">\n\t\t\t\t\t<div class=\"e-gallery-image elementor-gallery-item__image\" data-thumbnail=\"https:\/\/andromedahotel.gr\/wp-content\/uploads\/2024\/11\/saligkariaHelix-1.png\" data-width=\"1156\" data-height=\"356\" aria-label=\"\" role=\"img\" ><\/div>\n\t\t\t\t\t\t\t\t\t\t\t<div class=\"elementor-gallery-item__overlay\"><\/div>\n\t\t\t\t\t\t\t\t\t\t\t\t\t\t<\/a>\n\t\t\t\t\t\t\t<a class=\"e-gallery-item elementor-gallery-item elementor-animated-content\">\n\t\t\t\t\t<div class=\"e-gallery-image elementor-gallery-item__image\" data-thumbnail=\"https:\/\/andromedahotel.gr\/wp-content\/uploads\/2024\/11\/logoMousios-1.png\" data-width=\"250\" data-height=\"250\" aria-label=\"\" role=\"img\" ><\/div>\n\t\t\t\t\t\t\t\t\t\t\t<div class=\"elementor-gallery-item__overlay\"><\/div>\n\t\t\t\t\t\t\t\t\t\t\t\t\t\t<\/a>\n\t\t\t\t\t\t\t<a class=\"e-gallery-item elementor-gallery-item elementor-animated-content\">\n\t\t\t\t\t<div class=\"e-gallery-image elementor-gallery-item__image\" data-thumbnail=\"https:\/\/andromedahotel.gr\/wp-content\/uploads\/2024\/11\/fisis-arwma-1.jpg\" data-width=\"200\" data-height=\"189\" aria-label=\"\" role=\"img\" ><\/div>\n\t\t\t\t\t\t\t\t\t\t\t<div class=\"elementor-gallery-item__overlay\"><\/div>\n\t\t\t\t\t\t\t\t\t\t\t\t\t\t<\/a>\n\t\t\t\t\t\t\t<a class=\"e-gallery-item elementor-gallery-item elementor-animated-content\">\n\t\t\t\t\t<div class=\"e-gallery-image elementor-gallery-item__image\" data-thumbnail=\"https:\/\/andromedahotel.gr\/wp-content\/uploads\/2024\/11\/edodimo-1.png\" data-width=\"893\" data-height=\"213\" aria-label=\"\" role=\"img\" ><\/div>\n\t\t\t\t\t\t\t\t\t\t\t<div class=\"elementor-gallery-item__overlay\"><\/div>\n\t\t\t\t\t\t\t\t\t\t\t\t\t\t<\/a>\n\t\t\t\t\t<\/div>\n\t\t\t\t\t<\/div>\n\t\t\t\t<\/div>\n\t\t\t\t<div class=\"elementor-element elementor-element-febe9f3 elementor-widget elementor-widget-html\" data-id=\"febe9f3\" data-element_type=\"widget\" data-widget_type=\"html.default\">\n\t\t\t\t<div class=\"elementor-widget-container\">\n\t\t\t\t\t<script>\r\n    let ddGalleryLinks = (className, imgLinks) => {\r\n        \/\/ Create a combined selector\r\n        const selector1 = className + \" a.e-gallery-item\";\r\n        const selector2 = className + \" .gallery-item a\";\r\n\r\n        \/\/ Use querySelectorAll with the combined selector\r\n        const galleryImages = document.querySelectorAll(`${selector1}, ${selector2}`);\r\n\r\n        \/\/ Code to add links to gallery images (unchanged)\r\n        for (let i = 0; i < imgLinks.length; i++) {\r\n            if (imgLinks[i] !== \"\") {\r\n                galleryImages[i].href = imgLinks[i];\r\n                \/\/ Open link in new window (uncomment if needed)\r\n                 galleryImages[i].target = \"_blank\"; \r\n            }\r\n        }\r\n    };\r\n\r\n    document.addEventListener(\"DOMContentLoaded\", function () {\r\n        ddGalleryLinks(\r\n            \".dd-gallery--links\",\r\n            [\r\n                \"http:\/\/www.trantoupasta.gr\/\",\r\n                \"https:\/\/helixland.gr\/\",\r\n                \"https:\/\/mousiou.com\/\",\r\n                \"https:\/\/physisaroma.com\/\",\r\n                \"https:\/\/edodimo.gr\/shop\/\"\r\n            ]);\r\n    });\r\n\/script><\/div><\/script>\t\t\t\t<\/div>\n\t\t\t\t<\/div>\n\t\t\t\t\t<\/div>\n\t\t<\/div>\n\t\t\t\t<div class=\"elementor-column elementor-col-50 elementor-top-column elementor-element elementor-element-5ecd0adf\" data-id=\"5ecd0adf\" data-element_type=\"column\">\n\t\t\t<div class=\"elementor-widget-wrap elementor-element-populated\">\n\t\t\t\t\t\t<div class=\"elementor-element elementor-element-3cdf341 elementor-widget elementor-widget-image\" data-id=\"3cdf341\" data-element_type=\"widget\" data-widget_type=\"image.default\">\n\t\t\t\t<div class=\"elementor-widget-container\">\n\t\t\t\t\t\t\t\t\t\t\t\t\t\t\t\t<a href=\"https:\/\/andromedahotel.gr\/wp-content\/uploads\/2024\/10\/UNADJUSTEDNONRAW_thumb_1f1c.jpg\" data-elementor-open-lightbox=\"yes\" data-elementor-lightbox-title=\"PA P\u00cbRSHTATURJOHURJO_thumb_1f1c\" data-e-action-hash=\"#elementor-action%3Aaction%3Dlightbox%26settings%3DeyJpZCI6ODc3OSwidXJsIjoiaHR0cHM6XC9cL2FuZHJvbWVkYWhvdGVsLmdyXC93cC1jb250ZW50XC91cGxvYWRzXC8yMDI0XC8xMFwvVU5BREpVU1RFRE5PTlJBV190aHVtYl8xZjFjLmpwZyJ9\">\n\t\t\t\t\t\t\t<img fetchpriority=\"high\" decoding=\"async\" width=\"683\" height=\"1024\" src=\"https:\/\/andromedahotel.gr\/wp-content\/uploads\/2024\/10\/UNADJUSTEDNONRAW_thumb_1f1c-683x1024.jpg\" class=\"attachment-large size-large wp-image-8779\" alt=\"\" srcset=\"https:\/\/andromedahotel.gr\/wp-content\/uploads\/2024\/10\/UNADJUSTEDNONRAW_thumb_1f1c-683x1024.jpg 683w, https:\/\/andromedahotel.gr\/wp-content\/uploads\/2024\/10\/UNADJUSTEDNONRAW_thumb_1f1c-200x300.jpg 200w, https:\/\/andromedahotel.gr\/wp-content\/uploads\/2024\/10\/UNADJUSTEDNONRAW_thumb_1f1c-600x900.jpg 600w, https:\/\/andromedahotel.gr\/wp-content\/uploads\/2024\/10\/UNADJUSTEDNONRAW_thumb_1f1c.jpg 724w\" sizes=\"(max-width: 683px) 100vw, 683px\" \/>\t\t\t\t\t\t\t\t<\/a>\n\t\t\t\t\t\t\t\t\t\t\t\t\t\t\t<\/div>\n\t\t\t\t<\/div>\n\t\t\t\t\t<\/div>\n\t\t<\/div>\n\t\t\t\t\t<\/div>\n\t\t<\/section>\n\t\t<div class=\"elementor-element elementor-element-1fb749b e-flex e-con-boxed e-con e-parent\" data-id=\"1fb749b\" data-element_type=\"container\">\n\t\t\t\t\t<div class=\"e-con-inner\">\n\t\t\t\t<div class=\"elementor-element elementor-element-8b82238 elementor-widget elementor-widget-gallery\" data-id=\"8b82238\" data-element_type=\"widget\" data-settings=\"{&quot;gallery_layout&quot;:&quot;masonry&quot;,&quot;columns&quot;:3,&quot;lazyload&quot;:&quot;yes&quot;,&quot;columns_tablet&quot;:2,&quot;columns_mobile&quot;:1,&quot;gap&quot;:{&quot;unit&quot;:&quot;px&quot;,&quot;size&quot;:10,&quot;sizes&quot;:[]},&quot;gap_tablet&quot;:{&quot;unit&quot;:&quot;px&quot;,&quot;size&quot;:10,&quot;sizes&quot;:[]},&quot;gap_mobile&quot;:{&quot;unit&quot;:&quot;px&quot;,&quot;size&quot;:10,&quot;sizes&quot;:[]},&quot;link_to&quot;:&quot;file&quot;,&quot;overlay_background&quot;:&quot;yes&quot;,&quot;content_hover_animation&quot;:&quot;fade-in&quot;}\" data-widget_type=\"gallery.default\">\n\t\t\t\t<div class=\"elementor-widget-container\">\n\t\t\t\t\t\t\t<div class=\"elementor-gallery__container\">\n\t\t\t\t\t\t\t<a class=\"e-gallery-item elementor-gallery-item elementor-animated-content\" href=\"https:\/\/andromedahotel.gr\/wp-content\/uploads\/2024\/11\/Andromeda_Boutique_Hotel_Corner8.jpg\" data-elementor-open-lightbox=\"yes\" data-elementor-lightbox-slideshow=\"8b82238\" data-elementor-lightbox-title=\"Andromeda_Boutique_Hotel_Corner8\" data-e-action-hash=\"#elementor-action%3Aaction%3Dlightbox%26settings%3DeyJpZCI6ODg1MCwidXJsIjoiaHR0cHM6XC9cL2FuZHJvbWVkYWhvdGVsLmdyXC93cC1jb250ZW50XC91cGxvYWRzXC8yMDI0XC8xMVwvQW5kcm9tZWRhX0JvdXRpcXVlX0hvdGVsX0Nvcm5lcjguanBnIiwic2xpZGVzaG93IjoiOGI4MjIzOCJ9\">\n\t\t\t\t\t<div class=\"e-gallery-image elementor-gallery-item__image\" data-thumbnail=\"https:\/\/andromedahotel.gr\/wp-content\/uploads\/2024\/11\/Andromeda_Boutique_Hotel_Corner8-300x200.jpg\" data-width=\"300\" data-height=\"200\" aria-label=\"\" role=\"img\" ><\/div>\n\t\t\t\t\t\t\t\t\t\t\t<div class=\"elementor-gallery-item__overlay\"><\/div>\n\t\t\t\t\t\t\t\t\t\t\t\t\t\t<\/a>\n\t\t\t\t\t\t\t<a class=\"e-gallery-item elementor-gallery-item elementor-animated-content\" href=\"https:\/\/andromedahotel.gr\/wp-content\/uploads\/2024\/11\/Andromeda_Boutique_Hotel_Corner7.jpg\" data-elementor-open-lightbox=\"yes\" data-elementor-lightbox-slideshow=\"8b82238\" data-elementor-lightbox-title=\"Andromeda_Boutique_Hotel_Corner7\" data-e-action-hash=\"#elementor-action%3Aaction%3Dlightbox%26settings%3DeyJpZCI6ODg1NiwidXJsIjoiaHR0cHM6XC9cL2FuZHJvbWVkYWhvdGVsLmdyXC93cC1jb250ZW50XC91cGxvYWRzXC8yMDI0XC8xMVwvQW5kcm9tZWRhX0JvdXRpcXVlX0hvdGVsX0Nvcm5lcjcuanBnIiwic2xpZGVzaG93IjoiOGI4MjIzOCJ9\">\n\t\t\t\t\t<div class=\"e-gallery-image elementor-gallery-item__image\" data-thumbnail=\"https:\/\/andromedahotel.gr\/wp-content\/uploads\/2024\/11\/Andromeda_Boutique_Hotel_Corner7-200x300.jpg\" data-width=\"200\" data-height=\"300\" aria-label=\"\" role=\"img\" ><\/div>\n\t\t\t\t\t\t\t\t\t\t\t<div class=\"elementor-gallery-item__overlay\"><\/div>\n\t\t\t\t\t\t\t\t\t\t\t\t\t\t<\/a>\n\t\t\t\t\t\t\t<a class=\"e-gallery-item elementor-gallery-item elementor-animated-content\" href=\"https:\/\/andromedahotel.gr\/wp-content\/uploads\/2024\/11\/Andromeda_Boutique_Hotel_Corner6.jpg\" data-elementor-open-lightbox=\"yes\" data-elementor-lightbox-slideshow=\"8b82238\" data-elementor-lightbox-title=\"Andromeda_Boutique_Hotel_Corner6\" data-e-action-hash=\"#elementor-action%3Aaction%3Dlightbox%26settings%3DeyJpZCI6ODg1NywidXJsIjoiaHR0cHM6XC9cL2FuZHJvbWVkYWhvdGVsLmdyXC93cC1jb250ZW50XC91cGxvYWRzXC8yMDI0XC8xMVwvQW5kcm9tZWRhX0JvdXRpcXVlX0hvdGVsX0Nvcm5lcjYuanBnIiwic2xpZGVzaG93IjoiOGI4MjIzOCJ9\">\n\t\t\t\t\t<div class=\"e-gallery-image elementor-gallery-item__image\" data-thumbnail=\"https:\/\/andromedahotel.gr\/wp-content\/uploads\/2024\/11\/Andromeda_Boutique_Hotel_Corner6-300x200.jpg\" data-width=\"300\" data-height=\"200\" aria-label=\"\" role=\"img\" ><\/div>\n\t\t\t\t\t\t\t\t\t\t\t<div class=\"elementor-gallery-item__overlay\"><\/div>\n\t\t\t\t\t\t\t\t\t\t\t\t\t\t<\/a>\n\t\t\t\t\t\t\t<a class=\"e-gallery-item elementor-gallery-item elementor-animated-content\" href=\"https:\/\/andromedahotel.gr\/wp-content\/uploads\/2024\/11\/Andromeda_Boutique_Hotel_Corner5.jpg\" data-elementor-open-lightbox=\"yes\" data-elementor-lightbox-slideshow=\"8b82238\" data-elementor-lightbox-title=\"Andromeda_Boutique_Hotel_Corner5\" data-e-action-hash=\"#elementor-action%3Aaction%3Dlightbox%26settings%3DeyJpZCI6ODg1OCwidXJsIjoiaHR0cHM6XC9cL2FuZHJvbWVkYWhvdGVsLmdyXC93cC1jb250ZW50XC91cGxvYWRzXC8yMDI0XC8xMVwvQW5kcm9tZWRhX0JvdXRpcXVlX0hvdGVsX0Nvcm5lcjUuanBnIiwic2xpZGVzaG93IjoiOGI4MjIzOCJ9\">\n\t\t\t\t\t<div class=\"e-gallery-image elementor-gallery-item__image\" data-thumbnail=\"https:\/\/andromedahotel.gr\/wp-content\/uploads\/2024\/11\/Andromeda_Boutique_Hotel_Corner5-200x300.jpg\" data-width=\"200\" data-height=\"300\" aria-label=\"\" role=\"img\" ><\/div>\n\t\t\t\t\t\t\t\t\t\t\t<div class=\"elementor-gallery-item__overlay\"><\/div>\n\t\t\t\t\t\t\t\t\t\t\t\t\t\t<\/a>\n\t\t\t\t\t\t\t<a class=\"e-gallery-item elementor-gallery-item elementor-animated-content\" href=\"https:\/\/andromedahotel.gr\/wp-content\/uploads\/2024\/11\/Andromeda_Boutique_Hotel_Corner4.jpg\" data-elementor-open-lightbox=\"yes\" data-elementor-lightbox-slideshow=\"8b82238\" data-elementor-lightbox-title=\"Andromeda_Boutique_Hotel_Corner4\" data-e-action-hash=\"#elementor-action%3Aaction%3Dlightbox%26settings%3DeyJpZCI6ODg1OSwidXJsIjoiaHR0cHM6XC9cL2FuZHJvbWVkYWhvdGVsLmdyXC93cC1jb250ZW50XC91cGxvYWRzXC8yMDI0XC8xMVwvQW5kcm9tZWRhX0JvdXRpcXVlX0hvdGVsX0Nvcm5lcjQuanBnIiwic2xpZGVzaG93IjoiOGI4MjIzOCJ9\">\n\t\t\t\t\t<div class=\"e-gallery-image elementor-gallery-item__image\" data-thumbnail=\"https:\/\/andromedahotel.gr\/wp-content\/uploads\/2024\/11\/Andromeda_Boutique_Hotel_Corner4-200x300.jpg\" data-width=\"200\" data-height=\"300\" aria-label=\"\" role=\"img\" ><\/div>\n\t\t\t\t\t\t\t\t\t\t\t<div class=\"elementor-gallery-item__overlay\"><\/div>\n\t\t\t\t\t\t\t\t\t\t\t\t\t\t<\/a>\n\t\t\t\t\t\t\t<a class=\"e-gallery-item elementor-gallery-item elementor-animated-content\" href=\"https:\/\/andromedahotel.gr\/wp-content\/uploads\/2024\/11\/Andromeda_Boutique_Hotel_Corner3.jpg\" data-elementor-open-lightbox=\"yes\" data-elementor-lightbox-slideshow=\"8b82238\" data-elementor-lightbox-title=\"Andromeda_Boutique_Hotel_Corner3\" data-e-action-hash=\"#elementor-action%3Aaction%3Dlightbox%26settings%3DeyJpZCI6ODg2MCwidXJsIjoiaHR0cHM6XC9cL2FuZHJvbWVkYWhvdGVsLmdyXC93cC1jb250ZW50XC91cGxvYWRzXC8yMDI0XC8xMVwvQW5kcm9tZWRhX0JvdXRpcXVlX0hvdGVsX0Nvcm5lcjMuanBnIiwic2xpZGVzaG93IjoiOGI4MjIzOCJ9\">\n\t\t\t\t\t<div class=\"e-gallery-image elementor-gallery-item__image\" data-thumbnail=\"https:\/\/andromedahotel.gr\/wp-content\/uploads\/2024\/11\/Andromeda_Boutique_Hotel_Corner3-200x300.jpg\" data-width=\"200\" data-height=\"300\" aria-label=\"\" role=\"img\" ><\/div>\n\t\t\t\t\t\t\t\t\t\t\t<div class=\"elementor-gallery-item__overlay\"><\/div>\n\t\t\t\t\t\t\t\t\t\t\t\t\t\t<\/a>\n\t\t\t\t\t\t\t<a class=\"e-gallery-item elementor-gallery-item elementor-animated-content\" href=\"https:\/\/andromedahotel.gr\/wp-content\/uploads\/2024\/11\/Andromeda_Boutique_Hotel_Corner2.jpg\" data-elementor-open-lightbox=\"yes\" data-elementor-lightbox-slideshow=\"8b82238\" data-elementor-lightbox-title=\"Andromeda_Boutique_Hotel_Corner2\" data-e-action-hash=\"#elementor-action%3Aaction%3Dlightbox%26settings%3DeyJpZCI6ODg2MSwidXJsIjoiaHR0cHM6XC9cL2FuZHJvbWVkYWhvdGVsLmdyXC93cC1jb250ZW50XC91cGxvYWRzXC8yMDI0XC8xMVwvQW5kcm9tZWRhX0JvdXRpcXVlX0hvdGVsX0Nvcm5lcjIuanBnIiwic2xpZGVzaG93IjoiOGI4MjIzOCJ9\">\n\t\t\t\t\t<div class=\"e-gallery-image elementor-gallery-item__image\" data-thumbnail=\"https:\/\/andromedahotel.gr\/wp-content\/uploads\/2024\/11\/Andromeda_Boutique_Hotel_Corner2-300x200.jpg\" data-width=\"300\" data-height=\"200\" aria-label=\"\" role=\"img\" ><\/div>\n\t\t\t\t\t\t\t\t\t\t\t<div class=\"elementor-gallery-item__overlay\"><\/div>\n\t\t\t\t\t\t\t\t\t\t\t\t\t\t<\/a>\n\t\t\t\t\t\t\t<a class=\"e-gallery-item elementor-gallery-item elementor-animated-content\" href=\"https:\/\/andromedahotel.gr\/wp-content\/uploads\/2024\/11\/Andromeda_Boutique_Hotel_Corner1.jpg\" data-elementor-open-lightbox=\"yes\" data-elementor-lightbox-slideshow=\"8b82238\" data-elementor-lightbox-title=\"Andromeda_Boutique_Hotel_Corner1\" data-e-action-hash=\"#elementor-action%3Aaction%3Dlightbox%26settings%3DeyJpZCI6ODg2MiwidXJsIjoiaHR0cHM6XC9cL2FuZHJvbWVkYWhvdGVsLmdyXC93cC1jb250ZW50XC91cGxvYWRzXC8yMDI0XC8xMVwvQW5kcm9tZWRhX0JvdXRpcXVlX0hvdGVsX0Nvcm5lcjEuanBnIiwic2xpZGVzaG93IjoiOGI4MjIzOCJ9\">\n\t\t\t\t\t<div class=\"e-gallery-image elementor-gallery-item__image\" data-thumbnail=\"https:\/\/andromedahotel.gr\/wp-content\/uploads\/2024\/11\/Andromeda_Boutique_Hotel_Corner1-300x200.jpg\" data-width=\"300\" data-height=\"200\" aria-label=\"\" role=\"img\" ><\/div>\n\t\t\t\t\t\t\t\t\t\t\t<div class=\"elementor-gallery-item__overlay\"><\/div>\n\t\t\t\t\t\t\t\t\t\t\t\t\t\t<\/a>\n\t\t\t\t\t<\/div>\n\t\t\t\t\t<\/div>\n\t\t\t\t<\/div>\n\t\t\t\t\t<\/div>\n\t\t\t\t<\/div>\n\t\t\t\t<\/div>\n\t\t","protected":false},"excerpt":{"rendered":"<p>K\u00ebndi Yn\u00eb N\u00eb lobin e hotelit ton\u00eb do t\u00eb gjeni nj\u00eb shum\u00ebllojshm\u00ebri produktesh tradicionale t\u00eb zon\u00ebs son\u00eb. N\u00eb lobin e hotelit ton\u00eb do t\u00eb gjeni nj\u00eb shum\u00ebllojshm\u00ebri produktesh tradicionale t\u00eb zon\u00ebs son\u00eb. Fasule, fasule gjigante dhe thjerr\u00ebza q\u00eb kultivohen n\u00eb zonat p\u00ebrreth. Bim\u00eb mjek\u00ebsore nga kompania \u201cPsysis Aroma\u201d, produkte k\u00ebrmijsh nga \u201cHelix Land\u201d, makarona tradicionale [&hellip;]<\/p>\n","protected":false},"author":1,"featured_media":0,"parent":0,"menu_order":0,"comment_status":"closed","ping_status":"closed","template":"","meta":{"inline_featured_image":false,"footnotes":""},"class_list":["post-8863","page","type-page","status-publish","hentry"],"_links":{"self":[{"href":"https:\/\/andromedahotel.gr\/sq\/wp-json\/wp\/v2\/pages\/8863","targetHints":{"allow":["GET"]}}],"collection":[{"href":"https:\/\/andromedahotel.gr\/sq\/wp-json\/wp\/v2\/pages"}],"about":[{"href":"https:\/\/andromedahotel.gr\/sq\/wp-json\/wp\/v2\/types\/page"}],"author":[{"embeddable":true,"href":"https:\/\/andromedahotel.gr\/sq\/wp-json\/wp\/v2\/users\/1"}],"replies":[{"embeddable":true,"href":"https:\/\/andromedahotel.gr\/sq\/wp-json\/wp\/v2\/comments?post=8863"}],"version-history":[{"count":1,"href":"https:\/\/andromedahotel.gr\/sq\/wp-json\/wp\/v2\/pages\/8863\/revisions"}],"predecessor-version":[{"id":8870,"href":"https:\/\/andromedahotel.gr\/sq\/wp-json\/wp\/v2\/pages\/8863\/revisions\/8870"}],"wp:attachment":[{"href":"https:\/\/andromedahotel.gr\/sq\/wp-json\/wp\/v2\/media?parent=8863"}],"curies":[{"name":"wp","href":"https:\/\/api.w.org\/{rel}","templated":true}]}}