{"id":8792,"date":"2021-05-10T08:57:37","date_gmt":"2021-05-10T05:57:37","guid":{"rendered":"https:\/\/andromedahotel.gr\/dhomat\/"},"modified":"2025-11-29T18:02:54","modified_gmt":"2025-11-29T15:02:54","slug":"dhomat","status":"publish","type":"page","link":"https:\/\/andromedahotel.gr\/sq\/dhomat\/","title":{"rendered":"Dhomat"},"content":{"rendered":"\t\t<div data-elementor-type=\"wp-page\" data-elementor-id=\"8792\" class=\"elementor elementor-8792 elementor-1587\" data-elementor-post-type=\"page\">\n\t\t\t\t\t\t<section class=\"elementor-section elementor-top-section elementor-element elementor-element-6b6fa794 elementor-section-stretched elementor-section-content-middle elementor-section-boxed elementor-section-height-default elementor-section-height-default\" data-id=\"6b6fa794\" data-element_type=\"section\" data-settings=\"{&quot;stretch_section&quot;:&quot;section-stretched&quot;,&quot;background_background&quot;:&quot;classic&quot;}\">\n\t\t\t\t\t\t<div class=\"elementor-container elementor-column-gap-default\">\n\t\t\t\t\t<div class=\"elementor-column elementor-col-100 elementor-top-column elementor-element elementor-element-4e4eb37\" data-id=\"4e4eb37\" data-element_type=\"column\">\n\t\t\t<div class=\"elementor-widget-wrap elementor-element-populated\">\n\t\t\t\t\t\t<div class=\"elementor-element elementor-element-500a2893 elementor-widget elementor-widget-heading\" data-id=\"500a2893\" data-element_type=\"widget\" data-widget_type=\"heading.default\">\n\t\t\t\t<div class=\"elementor-widget-container\">\n\t\t\t\t\t<h1 class=\"elementor-heading-title elementor-size-default\">Dhomat tona<\/h1>\t\t\t\t<\/div>\n\t\t\t\t<\/div>\n\t\t\t\t<div class=\"elementor-element elementor-element-7212ae31 elementor-widget elementor-widget-heading\" data-id=\"7212ae31\" data-element_type=\"widget\" data-widget_type=\"heading.default\">\n\t\t\t\t<div class=\"elementor-widget-container\">\n\t\t\t\t\t<p class=\"elementor-heading-title elementor-size-default\">M\u00eb posht\u00eb jan\u00eb dhomat tona t\u00eb ofruara, si dhe informacioni p\u00ebrkat\u00ebs rreth tyre n\u00eb m\u00ebnyr\u00eb t\u00eb shkurt\u00ebr.<\/p>\t\t\t\t<\/div>\n\t\t\t\t<\/div>\n\t\t\t\t<div class=\"elementor-element elementor-element-e69577e elementor-grid-2 elementor-grid-tablet-2 elementor-grid-mobile-1 elementor-posts--thumbnail-top elementor-card-shadow-yes elementor-posts__hover-gradient elementor-widget elementor-widget-posts\" data-id=\"e69577e\" data-element_type=\"widget\" data-settings=\"{&quot;cards_columns&quot;:&quot;2&quot;,&quot;cards_columns_tablet&quot;:&quot;2&quot;,&quot;cards_columns_mobile&quot;:&quot;1&quot;,&quot;cards_row_gap&quot;:{&quot;unit&quot;:&quot;px&quot;,&quot;size&quot;:35,&quot;sizes&quot;:[]},&quot;cards_row_gap_tablet&quot;:{&quot;unit&quot;:&quot;px&quot;,&quot;size&quot;:&quot;&quot;,&quot;sizes&quot;:[]},&quot;cards_row_gap_mobile&quot;:{&quot;unit&quot;:&quot;px&quot;,&quot;size&quot;:&quot;&quot;,&quot;sizes&quot;:[]}}\" data-widget_type=\"posts.cards\">\n\t\t\t\t<div class=\"elementor-widget-container\">\n\t\t\t\t\t\t\t<div class=\"elementor-posts-container elementor-posts elementor-posts--skin-cards elementor-grid\" role=\"list\">\n\t\t\t\t<article class=\"elementor-post elementor-grid-item post-8947 nd_booking_cpt_1 type-nd_booking_cpt_1 status-publish has-post-thumbnail hentry\" role=\"listitem\">\n\t\t\t<div class=\"elementor-post__card\">\n\t\t\t\t<a class=\"elementor-post__thumbnail__link\" href=\"https:\/\/andromedahotel.gr\/sq\/rooms\/dhoma-family\/\" tabindex=\"-1\" ><div class=\"elementor-post__thumbnail\"><img fetchpriority=\"high\" decoding=\"async\" width=\"1080\" height=\"570\" src=\"https:\/\/andromedahotel.gr\/wp-content\/uploads\/2024\/10\/FamilyRoom_DEE00002-1080x570.jpg\" class=\"attachment-nd_booking_image_size_1110_570 size-nd_booking_image_size_1110_570 wp-image-8764\" alt=\"\" \/><\/div><\/a>\n\t\t\t\t<div class=\"elementor-post__text\">\n\t\t\t\t<h3 class=\"elementor-post__title\">\n\t\t\t<a href=\"https:\/\/andromedahotel.gr\/sq\/rooms\/dhoma-family\/\" >\n\t\t\t\tFamily Room\t\t\t<\/a>\n\t\t<\/h3>\n\t\t\t\t<div class=\"elementor-post__excerpt\">\n\t\t\t<p>Dhoma Family p\u00ebrb\u00ebhet nga dy dhoma klasike q\u00eb lidhen me nj\u00eb der\u00eb t\u00eb brendshme. \u00cbsht\u00eb ideale p\u00ebr familje, pasi mund t\u00eb akomodoj\u00eb deri n\u00eb 4 persona dhe p\u00ebrfshin dy shtret\u00ebr dopio t\u00eb pajisur me dyshek\u00eb COCOMAT. \u00cbsht\u00eb e mobiluar me eleganc\u00eb dhe ofron t\u00eb gjitha komoditetet e nevojshme.<\/p>\n\t\t<\/div>\n\t\t\n\t\t<a class=\"elementor-post__read-more\" href=\"https:\/\/andromedahotel.gr\/sq\/rooms\/dhoma-family\/\" aria-label=\"Read more about Family Room\" tabindex=\"-1\" >\n\t\t\tM\u00eb shum\u00eb\t\t<\/a>\n\n\t\t\t\t<\/div>\n\t\t\t\t\t<\/div>\n\t\t<\/article>\n\t\t\t\t<article class=\"elementor-post elementor-grid-item post-8963 nd_booking_cpt_1 type-nd_booking_cpt_1 status-publish has-post-thumbnail hentry\" role=\"listitem\">\n\t\t\t<div class=\"elementor-post__card\">\n\t\t\t\t<a class=\"elementor-post__thumbnail__link\" href=\"https:\/\/andromedahotel.gr\/sq\/rooms\/dhoma-ekzekutive\/\" tabindex=\"-1\" ><div class=\"elementor-post__thumbnail\"><img decoding=\"async\" width=\"480\" height=\"570\" src=\"https:\/\/andromedahotel.gr\/wp-content\/uploads\/2024\/10\/superiorRoom_DEE00072-480x570.jpg\" class=\"attachment-nd_booking_image_size_1110_570 size-nd_booking_image_size_1110_570 wp-image-8763\" alt=\"\" \/><\/div><\/a>\n\t\t\t\t<div class=\"elementor-post__text\">\n\t\t\t\t<h3 class=\"elementor-post__title\">\n\t\t\t<a href=\"https:\/\/andromedahotel.gr\/sq\/rooms\/dhoma-ekzekutive\/\" >\n\t\t\t\tExecutive Room\t\t\t<\/a>\n\t\t<\/h3>\n\t\t\t\t<div class=\"elementor-post__excerpt\">\n\t\t\t<p>Kjo dhom\u00eb me sip\u00ebrfaqe 22 m2 mund t\u00eb akomodoj\u00eb deri n\u00eb dy persona. \u00cbsht\u00eb e mobiluar me eleganc\u00eb duke ofruar nj\u00eb ndjesi luksi dhe t\u00eb gjitha komoditetet. Ne garantojm\u00eb nj\u00eb gjum\u00eb t\u00eb qet\u00eb n\u00eb nj\u00eb krevat dopio me dyshek COCOMAT. Dritaret e m\u00ebdha i sigurojn\u00eb dhom\u00ebs shum\u00eb drit\u00eb natyrale si<\/p>\n\t\t<\/div>\n\t\t\n\t\t<a class=\"elementor-post__read-more\" href=\"https:\/\/andromedahotel.gr\/sq\/rooms\/dhoma-ekzekutive\/\" aria-label=\"Read more about Executive Room\" tabindex=\"-1\" >\n\t\t\tM\u00eb shum\u00eb\t\t<\/a>\n\n\t\t\t\t<\/div>\n\t\t\t\t\t<\/div>\n\t\t<\/article>\n\t\t\t\t<article class=\"elementor-post elementor-grid-item post-8964 nd_booking_cpt_1 type-nd_booking_cpt_1 status-publish has-post-thumbnail hentry\" role=\"listitem\">\n\t\t\t<div class=\"elementor-post__card\">\n\t\t\t\t<a class=\"elementor-post__thumbnail__link\" href=\"https:\/\/andromedahotel.gr\/sq\/rooms\/superior-room\/\" tabindex=\"-1\" ><div class=\"elementor-post__thumbnail\"><img decoding=\"async\" width=\"480\" height=\"570\" src=\"https:\/\/andromedahotel.gr\/wp-content\/uploads\/2024\/10\/superiorRoom_DEE00069-2-480x570.jpg\" class=\"attachment-nd_booking_image_size_1110_570 size-nd_booking_image_size_1110_570 wp-image-8762\" alt=\"\" \/><\/div><\/a>\n\t\t\t\t<div class=\"elementor-post__text\">\n\t\t\t\t<h3 class=\"elementor-post__title\">\n\t\t\t<a href=\"https:\/\/andromedahotel.gr\/sq\/rooms\/superior-room\/\" >\n\t\t\t\tSuperior Room\t\t\t<\/a>\n\t\t<\/h3>\n\t\t\t\t<div class=\"elementor-post__excerpt\">\n\t\t\t<p>K\u00ebto dhoma jan\u00eb 22 m\u00b2 dhe mund t\u00eb akomodojn\u00eb dy persona dhe nj\u00eb f\u00ebmij\u00eb me shtimin e nj\u00eb krevati shtes\u00eb ose nj\u00eb krevat f\u00ebmij\u00ebsh. Jan\u00eb t\u00eb mobiluara me eleganc\u00eb, duke ofruar ndjesin\u00eb e luksit dhe t\u00eb gjitha komoditetet e nevojshme. Dritaret e m\u00ebdha i japin dhom\u00ebs shum\u00eb drit\u00eb natyrale. Ato<\/p>\n\t\t<\/div>\n\t\t\n\t\t<a class=\"elementor-post__read-more\" href=\"https:\/\/andromedahotel.gr\/sq\/rooms\/superior-room\/\" aria-label=\"Read more about Superior Room\" tabindex=\"-1\" >\n\t\t\tM\u00eb shum\u00eb\t\t<\/a>\n\n\t\t\t\t<\/div>\n\t\t\t\t\t<\/div>\n\t\t<\/article>\n\t\t\t\t<article class=\"elementor-post elementor-grid-item post-8977 nd_booking_cpt_1 type-nd_booking_cpt_1 status-publish has-post-thumbnail hentry\" role=\"listitem\">\n\t\t\t<div class=\"elementor-post__card\">\n\t\t\t\t<a class=\"elementor-post__thumbnail__link\" href=\"https:\/\/andromedahotel.gr\/sq\/rooms\/dhoma-ne-katin-perdhes\/\" tabindex=\"-1\" ><div class=\"elementor-post__thumbnail\"><img loading=\"lazy\" decoding=\"async\" width=\"1080\" height=\"570\" src=\"https:\/\/andromedahotel.gr\/wp-content\/uploads\/2024\/10\/classicGroundFloorRoom_UNADJUSTEDNONRAW_thumb_1e98-1080x570.jpg\" class=\"attachment-nd_booking_image_size_1110_570 size-nd_booking_image_size_1110_570 wp-image-8761\" alt=\"\" \/><\/div><\/a>\n\t\t\t\t<div class=\"elementor-post__text\">\n\t\t\t\t<h3 class=\"elementor-post__title\">\n\t\t\t<a href=\"https:\/\/andromedahotel.gr\/sq\/rooms\/dhoma-ne-katin-perdhes\/\" >\n\t\t\t\tGroundfloor Room\t\t\t<\/a>\n\t\t<\/h3>\n\t\t\t\t<div class=\"elementor-post__excerpt\">\n\t\t\t<p>Dhoma jon\u00eb n\u00eb katin p\u00ebrdhes \u00ebsht\u00eb af\u00ebrsisht 17m2 dhe mund t\u00eb akomodoj\u00eb deri n\u00eb dy persona. Ndodhet n\u00eb katin p\u00ebrdhes t\u00eb hotelit ton\u00eb, n\u00eb nivelin e oborrit. Ne garantojm\u00eb nj\u00eb gjum\u00eb t\u00eb qet\u00eb n\u00eb nj\u00eb krevat dopio me dyshek COCOMAT. Ato jan\u00eb t\u00eb mobiluara me eleganc\u00eb, duke ofruar nj\u00eb ndjesi<\/p>\n\t\t<\/div>\n\t\t\n\t\t<a class=\"elementor-post__read-more\" href=\"https:\/\/andromedahotel.gr\/sq\/rooms\/dhoma-ne-katin-perdhes\/\" aria-label=\"Read more about Groundfloor Room\" tabindex=\"-1\" >\n\t\t\tM\u00eb shum\u00eb\t\t<\/a>\n\n\t\t\t\t<\/div>\n\t\t\t\t\t<\/div>\n\t\t<\/article>\n\t\t\t\t<article class=\"elementor-post elementor-grid-item post-8981 nd_booking_cpt_1 type-nd_booking_cpt_1 status-publish has-post-thumbnail hentry\" role=\"listitem\">\n\t\t\t<div class=\"elementor-post__card\">\n\t\t\t\t<a class=\"elementor-post__thumbnail__link\" href=\"https:\/\/andromedahotel.gr\/sq\/rooms\/classic-room\/\" tabindex=\"-1\" ><div class=\"elementor-post__thumbnail\"><img loading=\"lazy\" decoding=\"async\" width=\"480\" height=\"570\" src=\"https:\/\/andromedahotel.gr\/wp-content\/uploads\/2024\/10\/classicRoom_UNADJUSTEDNONRAW_thumb_1e7c-480x570.jpg\" class=\"attachment-nd_booking_image_size_1110_570 size-nd_booking_image_size_1110_570 wp-image-8760\" alt=\"\" \/><\/div><\/a>\n\t\t\t\t<div class=\"elementor-post__text\">\n\t\t\t\t<h3 class=\"elementor-post__title\">\n\t\t\t<a href=\"https:\/\/andromedahotel.gr\/sq\/rooms\/classic-room\/\" >\n\t\t\t\tClassic Room\t\t\t<\/a>\n\t\t<\/h3>\n\t\t\t\t<div class=\"elementor-post__excerpt\">\n\t\t\t<p>Dhomat Classic jan\u00eb rreth 17 m\u00b2 dhe mund t\u00eb akomodojn\u00eb deri n\u00eb dy persona. Ne garantojm\u00eb nj\u00eb gjum\u00eb t\u00eb qet\u00eb n\u00eb nj\u00eb shtrat dopio me dyshek COCOMAT. Jan\u00eb t\u00eb mobiluara me eleganc\u00eb, duke ofruar ndjesin\u00eb e luksit dhe t\u00eb gjitha komoditetet e nevojshme. &nbsp;<\/p>\n\t\t<\/div>\n\t\t\n\t\t<a class=\"elementor-post__read-more\" href=\"https:\/\/andromedahotel.gr\/sq\/rooms\/classic-room\/\" aria-label=\"Read more about Classic Room\" tabindex=\"-1\" >\n\t\t\tM\u00eb shum\u00eb\t\t<\/a>\n\n\t\t\t\t<\/div>\n\t\t\t\t\t<\/div>\n\t\t<\/article>\n\t\t\t\t<article class=\"elementor-post elementor-grid-item post-8982 nd_booking_cpt_1 type-nd_booking_cpt_1 status-publish has-post-thumbnail hentry\" role=\"listitem\">\n\t\t\t<div class=\"elementor-post__card\">\n\t\t\t\t<a class=\"elementor-post__thumbnail__link\" href=\"https:\/\/andromedahotel.gr\/sq\/rooms\/economy-room\/\" tabindex=\"-1\" ><div class=\"elementor-post__thumbnail\"><img loading=\"lazy\" decoding=\"async\" width=\"480\" height=\"570\" src=\"https:\/\/andromedahotel.gr\/wp-content\/uploads\/2024\/10\/economyRoom_DEE00143-480x570.jpg\" class=\"attachment-nd_booking_image_size_1110_570 size-nd_booking_image_size_1110_570 wp-image-8759\" alt=\"\" \/><\/div><\/a>\n\t\t\t\t<div class=\"elementor-post__text\">\n\t\t\t\t<h3 class=\"elementor-post__title\">\n\t\t\t<a href=\"https:\/\/andromedahotel.gr\/sq\/rooms\/economy-room\/\" >\n\t\t\t\tEconomy Room\t\t\t<\/a>\n\t\t<\/h3>\n\t\t\t\t<div class=\"elementor-post__excerpt\">\n\t\t\t<p>Dhomat tona ekonomike jan\u00eb af\u00ebrsisht 14m2 dhe mund t\u00eb akomodojn\u00eb deri n\u00eb dy persona. Ne garantojm\u00eb nj\u00eb gjum\u00eb t\u00eb qet\u00eb n\u00eb nj\u00eb krevat dopio me dyshek COCOMAT. Ato jan\u00eb t\u00eb mobiluara me eleganc\u00eb, duke ofruar nj\u00eb ndjesi luksi dhe t\u00eb gjitha komoditetet. &nbsp;<\/p>\n\t\t<\/div>\n\t\t\n\t\t<a class=\"elementor-post__read-more\" href=\"https:\/\/andromedahotel.gr\/sq\/rooms\/economy-room\/\" aria-label=\"Read more about Economy Room\" tabindex=\"-1\" >\n\t\t\tM\u00eb shum\u00eb\t\t<\/a>\n\n\t\t\t\t<\/div>\n\t\t\t\t\t<\/div>\n\t\t<\/article>\n\t\t\t\t<article class=\"elementor-post elementor-grid-item post-8983 nd_booking_cpt_1 type-nd_booking_cpt_1 status-publish has-post-thumbnail hentry\" role=\"listitem\">\n\t\t\t<div class=\"elementor-post__card\">\n\t\t\t\t<a class=\"elementor-post__thumbnail__link\" href=\"https:\/\/andromedahotel.gr\/sq\/rooms\/single-room\/\" tabindex=\"-1\" ><div class=\"elementor-post__thumbnail\"><img loading=\"lazy\" decoding=\"async\" width=\"480\" height=\"570\" src=\"https:\/\/andromedahotel.gr\/wp-content\/uploads\/2024\/10\/economyRoom_DEE00143-480x570.jpg\" class=\"attachment-nd_booking_image_size_1110_570 size-nd_booking_image_size_1110_570 wp-image-8759\" alt=\"\" \/><\/div><\/a>\n\t\t\t\t<div class=\"elementor-post__text\">\n\t\t\t\t<h3 class=\"elementor-post__title\">\n\t\t\t<a href=\"https:\/\/andromedahotel.gr\/sq\/rooms\/single-room\/\" >\n\t\t\t\tSingle Room\t\t\t<\/a>\n\t\t<\/h3>\n\t\t\t\t<div class=\"elementor-post__excerpt\">\n\t\t\t<p>Dhomat tona teke jan\u00eb rreth 14 m\u00b2 dhe mund t\u00eb akomodojn\u00eb nj\u00eb person. Ne garantojm\u00eb nj\u00eb gjum\u00eb t\u00eb qet\u00eb n\u00eb nj\u00eb shtrat dopio me dyshek COCOMAT. Jan\u00eb t\u00eb mobiluara me eleganc\u00eb, duke ofruar ndjesin\u00eb e luksit dhe t\u00eb gjitha komoditetet e nevojshme. &nbsp;<\/p>\n\t\t<\/div>\n\t\t\n\t\t<a class=\"elementor-post__read-more\" href=\"https:\/\/andromedahotel.gr\/sq\/rooms\/single-room\/\" aria-label=\"Read more about Single Room\" tabindex=\"-1\" >\n\t\t\tM\u00eb shum\u00eb\t\t<\/a>\n\n\t\t\t\t<\/div>\n\t\t\t\t\t<\/div>\n\t\t<\/article>\n\t\t\t\t<\/div>\n\t\t\n\t\t\t\t\t\t<\/div>\n\t\t\t\t<\/div>\n\t\t\t\t\t<\/div>\n\t\t<\/div>\n\t\t\t\t\t<\/div>\n\t\t<\/section>\n\t\t\t\t<section class=\"elementor-section elementor-top-section elementor-element elementor-element-6f93c8e5 elementor-section-stretched elementor-section-boxed elementor-section-height-default elementor-section-height-default\" data-id=\"6f93c8e5\" data-element_type=\"section\" data-settings=\"{&quot;stretch_section&quot;:&quot;section-stretched&quot;,&quot;background_background&quot;:&quot;classic&quot;}\">\n\t\t\t\t\t\t\t<div class=\"elementor-background-overlay\"><\/div>\n\t\t\t\t\t\t\t<div class=\"elementor-container elementor-column-gap-default\">\n\t\t\t\t\t<div class=\"elementor-column elementor-col-33 elementor-top-column elementor-element elementor-element-315a240b\" data-id=\"315a240b\" data-element_type=\"column\">\n\t\t\t<div class=\"elementor-widget-wrap elementor-element-populated\">\n\t\t\t\t\t\t<div class=\"elementor-element elementor-element-7f2271c4 elementor-position-left elementor-vertical-align-middle elementor-widget elementor-widget-image-box\" data-id=\"7f2271c4\" data-element_type=\"widget\" data-widget_type=\"image-box.default\">\n\t\t\t\t<div class=\"elementor-widget-container\">\n\t\t\t\t\t<div class=\"elementor-image-box-wrapper\"><figure class=\"elementor-image-box-img\"><img loading=\"lazy\" decoding=\"async\" width=\"220\" height=\"220\" src=\"https:\/\/andromedahotel.gr\/wp-content\/uploads\/2024\/10\/cocomatForIcon-removebg1.png\" class=\"attachment-full size-full wp-image-8776\" alt=\"\" srcset=\"https:\/\/andromedahotel.gr\/wp-content\/uploads\/2024\/10\/cocomatForIcon-removebg1.png 220w, https:\/\/andromedahotel.gr\/wp-content\/uploads\/2024\/10\/cocomatForIcon-removebg1-150x150.png 150w, https:\/\/andromedahotel.gr\/wp-content\/uploads\/2024\/10\/cocomatForIcon-removebg1-100x100.png 100w\" sizes=\"(max-width: 220px) 100vw, 220px\" \/><\/figure><div class=\"elementor-image-box-content\"><h4 class=\"elementor-image-box-title\">Dyshek\u00eb Cocomat<\/h4><p class=\"elementor-image-box-description\">Flini n\u00eb natyr\u00eb<\/p><\/div><\/div>\t\t\t\t<\/div>\n\t\t\t\t<\/div>\n\t\t\t\t\t<\/div>\n\t\t<\/div>\n\t\t\t\t<div class=\"elementor-column elementor-col-33 elementor-top-column elementor-element elementor-element-478cfd64\" data-id=\"478cfd64\" data-element_type=\"column\">\n\t\t\t<div class=\"elementor-widget-wrap elementor-element-populated\">\n\t\t\t\t\t\t<div class=\"elementor-element elementor-element-8cbb7a9 elementor-position-left elementor-vertical-align-middle elementor-widget elementor-widget-image-box\" data-id=\"8cbb7a9\" data-element_type=\"widget\" data-widget_type=\"image-box.default\">\n\t\t\t\t<div class=\"elementor-widget-container\">\n\t\t\t\t\t<div class=\"elementor-image-box-wrapper\"><figure class=\"elementor-image-box-img\"><img loading=\"lazy\" decoding=\"async\" width=\"220\" height=\"220\" src=\"https:\/\/andromedahotel.gr\/wp-content\/uploads\/2021\/11\/icon-12-1.png\" class=\"attachment-full size-full wp-image-8765\" alt=\"\" srcset=\"https:\/\/andromedahotel.gr\/wp-content\/uploads\/2021\/11\/icon-12-1.png 220w, https:\/\/andromedahotel.gr\/wp-content\/uploads\/2021\/11\/icon-12-1-100x100.png 100w, https:\/\/andromedahotel.gr\/wp-content\/uploads\/2021\/11\/icon-12-1-150x150.png 150w\" sizes=\"(max-width: 220px) 100vw, 220px\" \/><\/figure><div class=\"elementor-image-box-content\"><h4 class=\"elementor-image-box-title\">Madh\u00ebsia King<\/h4><p class=\"elementor-image-box-description\">I pajisur me krevate dopio<\/p><\/div><\/div>\t\t\t\t<\/div>\n\t\t\t\t<\/div>\n\t\t\t\t\t<\/div>\n\t\t<\/div>\n\t\t\t\t<div class=\"elementor-column elementor-col-33 elementor-top-column elementor-element elementor-element-40260f10\" data-id=\"40260f10\" data-element_type=\"column\">\n\t\t\t<div class=\"elementor-widget-wrap elementor-element-populated\">\n\t\t\t\t\t\t<div class=\"elementor-element elementor-element-c12ed1c elementor-position-left elementor-vertical-align-middle elementor-widget elementor-widget-image-box\" data-id=\"c12ed1c\" data-element_type=\"widget\" data-widget_type=\"image-box.default\">\n\t\t\t\t<div class=\"elementor-widget-container\">\n\t\t\t\t\t<div class=\"elementor-image-box-wrapper\"><figure class=\"elementor-image-box-img\"><img loading=\"lazy\" decoding=\"async\" width=\"220\" height=\"220\" src=\"https:\/\/andromedahotel.gr\/wp-content\/uploads\/2021\/11\/icon-10.png\" class=\"attachment-full size-full wp-image-8766\" alt=\"\" srcset=\"https:\/\/andromedahotel.gr\/wp-content\/uploads\/2021\/11\/icon-10.png 220w, https:\/\/andromedahotel.gr\/wp-content\/uploads\/2021\/11\/icon-10-100x100.png 100w, https:\/\/andromedahotel.gr\/wp-content\/uploads\/2021\/11\/icon-10-150x150.png 150w\" sizes=\"(max-width: 220px) 100vw, 220px\" \/><\/figure><div class=\"elementor-image-box-content\"><h4 class=\"elementor-image-box-title\">Zonat e WiFi-t<\/h4><p class=\"elementor-image-box-description\">Wifi n\u00eb t\u00eb gjitha dhomat<\/p><\/div><\/div>\t\t\t\t<\/div>\n\t\t\t\t<\/div>\n\t\t\t\t\t<\/div>\n\t\t<\/div>\n\t\t\t\t\t<\/div>\n\t\t<\/section>\n\t\t\t\t<\/div>\n\t\t","protected":false},"excerpt":{"rendered":"<p>Dhomat tona M\u00eb posht\u00eb jan\u00eb dhomat tona t\u00eb ofruara, si dhe informacioni p\u00ebrkat\u00ebs rreth tyre n\u00eb m\u00ebnyr\u00eb t\u00eb shkurt\u00ebr. Dyshek\u00eb Cocomat Flini n\u00eb natyr\u00eb Madh\u00ebsia King I pajisur me krevate dopio Zonat e WiFi-t Wifi n\u00eb t\u00eb gjitha dhomat<\/p>\n","protected":false},"author":1,"featured_media":0,"parent":0,"menu_order":0,"comment_status":"closed","ping_status":"closed","template":"","meta":{"inline_featured_image":false,"footnotes":""},"class_list":["post-8792","page","type-page","status-publish","hentry"],"_links":{"self":[{"href":"https:\/\/andromedahotel.gr\/sq\/wp-json\/wp\/v2\/pages\/8792","targetHints":{"allow":["GET"]}}],"collection":[{"href":"https:\/\/andromedahotel.gr\/sq\/wp-json\/wp\/v2\/pages"}],"about":[{"href":"https:\/\/andromedahotel.gr\/sq\/wp-json\/wp\/v2\/types\/page"}],"author":[{"embeddable":true,"href":"https:\/\/andromedahotel.gr\/sq\/wp-json\/wp\/v2\/users\/1"}],"replies":[{"embeddable":true,"href":"https:\/\/andromedahotel.gr\/sq\/wp-json\/wp\/v2\/comments?post=8792"}],"version-history":[{"count":1,"href":"https:\/\/andromedahotel.gr\/sq\/wp-json\/wp\/v2\/pages\/8792\/revisions"}],"predecessor-version":[{"id":8796,"href":"https:\/\/andromedahotel.gr\/sq\/wp-json\/wp\/v2\/pages\/8792\/revisions\/8796"}],"wp:attachment":[{"href":"https:\/\/andromedahotel.gr\/sq\/wp-json\/wp\/v2\/media?parent=8792"}],"curies":[{"name":"wp","href":"https:\/\/api.w.org\/{rel}","templated":true}]}}